{"id":10,"date":"2024-05-14T14:57:46","date_gmt":"2024-05-14T12:57:46","guid":{"rendered":"http:\/\/moulinofruits.com\/?page_id=10"},"modified":"2025-09-15T11:35:31","modified_gmt":"2025-09-15T09:35:31","slug":"qui-sommes-nous","status":"publish","type":"page","link":"https:\/\/moulinofruits.com\/index.php\/qui-sommes-nous\/","title":{"rendered":"Qui sommes-nous ?"},"content":{"rendered":"\t\t<div data-elementor-type=\"wp-page\" data-elementor-id=\"10\" class=\"elementor elementor-10\" data-elementor-post-type=\"page\">\n\t\t\t\t<div class=\"elementor-element elementor-element-7baf428 e-flex e-con-boxed e-con e-parent\" data-id=\"7baf428\" data-element_type=\"container\">\n\t\t\t\t\t<div class=\"e-con-inner\">\n\t\t\t\t<div class=\"elementor-element elementor-element-c284011 elementor-widget elementor-widget-spacer\" data-id=\"c284011\" data-element_type=\"widget\" data-widget_type=\"spacer.default\">\n\t\t\t\t<div class=\"elementor-widget-container\">\n\t\t\t\t\t\t\t<div class=\"elementor-spacer\">\n\t\t\t<div class=\"elementor-spacer-inner\"><\/div>\n\t\t<\/div>\n\t\t\t\t\t\t<\/div>\n\t\t\t\t<\/div>\n\t\t<div class=\"elementor-element elementor-element-66a0adb e-flex e-con-boxed e-con e-child\" data-id=\"66a0adb\" data-element_type=\"container\">\n\t\t\t\t\t<div class=\"e-con-inner\">\n\t\t\t\t<div class=\"elementor-element elementor-element-6acdd79 elementor-widget elementor-widget-heading\" data-id=\"6acdd79\" data-element_type=\"widget\" data-widget_type=\"heading.default\">\n\t\t\t\t<div class=\"elementor-widget-container\">\n\t\t\t\t\t<h2 class=\"elementor-heading-title elementor-size-default\">Moulin O' Fruits, qui sommes-nous ?<\/h2>\t\t\t\t<\/div>\n\t\t\t\t<\/div>\n\t\t\t\t\t<\/div>\n\t\t\t\t<\/div>\n\t\t\t\t\t<\/div>\n\t\t\t\t<\/div>\n\t\t<div class=\"elementor-element elementor-element-c89a027 e-grid e-con-boxed e-con e-parent\" data-id=\"c89a027\" data-element_type=\"container\">\n\t\t\t\t\t<div class=\"e-con-inner\">\n\t\t\t\t<div class=\"elementor-element elementor-element-4b7b812 elementor-widget elementor-widget-image\" data-id=\"4b7b812\" data-element_type=\"widget\" data-widget_type=\"image.default\">\n\t\t\t\t<div class=\"elementor-widget-container\">\n\t\t\t\t\t\t\t\t\t\t\t\t\t\t\t<img fetchpriority=\"high\" decoding=\"async\" width=\"572\" height=\"429\" src=\"https:\/\/moulinofruits.com\/wp-content\/uploads\/2024\/05\/Proprietaires-MoulinOFruits.jpg\" class=\"attachment-large size-large wp-image-301\" alt=\"\" srcset=\"https:\/\/moulinofruits.com\/wp-content\/uploads\/2024\/05\/Proprietaires-MoulinOFruits.jpg 572w, https:\/\/moulinofruits.com\/wp-content\/uploads\/2024\/05\/Proprietaires-MoulinOFruits-300x225.jpg 300w\" sizes=\"(max-width: 572px) 100vw, 572px\" \/>\t\t\t\t\t\t\t\t\t\t\t\t\t\t\t<\/div>\n\t\t\t\t<\/div>\n\t\t\t\t<div class=\"elementor-element elementor-element-53692781 elementor-widget elementor-widget-text-editor\" data-id=\"53692781\" data-element_type=\"widget\" data-widget_type=\"text-editor.default\">\n\t\t\t\t<div class=\"elementor-widget-container\">\n\t\t\t\t\t\t\t\t\t<h5><strong>Moulin O&#8217; Fruits : Cultivons l&#8217;art du fruit avec passion<\/strong><\/h5>\n<p><!-- \/wp:paragraph --><\/p>\n<p><!-- wp:paragraph --><\/p>\n<p>Bienvenue chez Moulin O&#8217; Fruits, o\u00f9 la passion pour la terre, le d\u00e9vouement \u00e0 la qualit\u00e9 et le respect de l&#8217;environnement nous animent. Dans notre micro-ferme en Dordogne, nous cultivons fruits et aromatiques et sublimons une partie de notre production en les transformant pour vous offrir une exp\u00e9rience gustative inoubliable. Chez nous, venez-vous r\u00e9galer des d\u00e9licieux classiques, retrouvez le go\u00fbt de fruits oubli\u00e9s ou d\u00e9couvrez de nouvelles saveurs.<\/p>\n<p><a href=\"https:\/\/moulinofruits.com\/index.php\/fruits-frais\/\">&gt;&gt;&gt; D\u00e9couvrez nos fruits frais<\/a><\/p>\n<p><!-- \/wp:paragraph --><\/p>\t\t\t\t\t\t\t\t<\/div>\n\t\t\t\t<\/div>\n\t\t\t\t\t<\/div>\n\t\t\t\t<\/div>\n\t\t<div class=\"elementor-element elementor-element-47597ed e-grid e-con-boxed e-con e-parent\" data-id=\"47597ed\" data-element_type=\"container\">\n\t\t\t\t\t<div class=\"e-con-inner\">\n\t\t\t\t<div class=\"elementor-element elementor-element-bb094c0 elementor-widget elementor-widget-text-editor\" data-id=\"bb094c0\" data-element_type=\"widget\" data-widget_type=\"text-editor.default\">\n\t\t\t\t<div class=\"elementor-widget-container\">\n\t\t\t\t\t\t\t\t\t<!-- wp:paragraph -->\n<h5><strong>Un producteur en qu\u00eate de l\u2019excellence gustative<\/strong><\/h5>\n<!-- \/wp:paragraph --><!-- wp:paragraph -->\n<p>Au Moulin O&#8217; Fruits, nous cultivons avec soin les meilleures vari\u00e9t\u00e9s de petits fruits, fruits du verger et herbes aromatiques. Par conviction et tradition mais aussi pour vous offrir toutes les saveurs de notre terroir, le P\u00e9rigord, nous produisons nos fruits rouges et autres cultures en pleine terre. Enfin, chaque fruit est cueilli \u00e0 la main et \u00e0 maturit\u00e9 optimale, afin de capturer pleinement leur ar\u00f4me d\u00e9licat et leur go\u00fbt authentique.<\/p>\n<p><a href=\"https:\/\/moulinofruits.com\/index.php\/petits-fruits\/\">&gt;&gt;&gt; D\u00e9couvrez les petits fruits que nous cultivons<\/a><\/p>\n<!-- \/wp:paragraph -->\t\t\t\t\t\t\t\t<\/div>\n\t\t\t\t<\/div>\n\t\t\t\t<div class=\"elementor-element elementor-element-46e9d38 elementor-hidden-tablet elementor-hidden-mobile elementor-widget elementor-widget-image\" data-id=\"46e9d38\" data-element_type=\"widget\" data-widget_type=\"image.default\">\n\t\t\t\t<div class=\"elementor-widget-container\">\n\t\t\t\t\t\t\t\t\t\t\t\t\t\t\t<img decoding=\"async\" width=\"1024\" height=\"768\" src=\"https:\/\/moulinofruits.com\/wp-content\/uploads\/2024\/05\/Producteur-FruitsRouges-Dordogne-MoulinOFruits-4Tiers-1024x768.jpg\" class=\"attachment-large size-large wp-image-305\" alt=\"\" srcset=\"https:\/\/moulinofruits.com\/wp-content\/uploads\/2024\/05\/Producteur-FruitsRouges-Dordogne-MoulinOFruits-4Tiers-1024x768.jpg 1024w, https:\/\/moulinofruits.com\/wp-content\/uploads\/2024\/05\/Producteur-FruitsRouges-Dordogne-MoulinOFruits-4Tiers-300x225.jpg 300w, https:\/\/moulinofruits.com\/wp-content\/uploads\/2024\/05\/Producteur-FruitsRouges-Dordogne-MoulinOFruits-4Tiers-768x576.jpg 768w, https:\/\/moulinofruits.com\/wp-content\/uploads\/2024\/05\/Producteur-FruitsRouges-Dordogne-MoulinOFruits-4Tiers-1536x1152.jpg 1536w, https:\/\/moulinofruits.com\/wp-content\/uploads\/2024\/05\/Producteur-FruitsRouges-Dordogne-MoulinOFruits-4Tiers-2048x1536.jpg 2048w\" sizes=\"(max-width: 1024px) 100vw, 1024px\" \/>\t\t\t\t\t\t\t\t\t\t\t\t\t\t\t<\/div>\n\t\t\t\t<\/div>\n\t\t\t\t\t<\/div>\n\t\t\t\t<\/div>\n\t\t<div class=\"elementor-element elementor-element-d59b955 e-grid e-con-boxed e-con e-parent\" data-id=\"d59b955\" data-element_type=\"container\">\n\t\t\t\t\t<div class=\"e-con-inner\">\n\t\t\t\t<div class=\"elementor-element elementor-element-46bfdde elementor-widget elementor-widget-video\" data-id=\"46bfdde\" data-element_type=\"widget\" data-settings=\"{&quot;youtube_url&quot;:&quot;https:\\\/\\\/www.youtube.com\\\/embed\\\/rOZ2JWBuF-U?si=5UNCodNeSlnrLCY9&quot;,&quot;video_type&quot;:&quot;youtube&quot;,&quot;controls&quot;:&quot;yes&quot;}\" data-widget_type=\"video.default\">\n\t\t\t\t<div class=\"elementor-widget-container\">\n\t\t\t\t\t\t\t<div class=\"elementor-wrapper elementor-open-inline\">\n\t\t\t<div class=\"elementor-video\"><\/div>\t\t<\/div>\n\t\t\t\t\t\t<\/div>\n\t\t\t\t<\/div>\n\t\t\t\t<div class=\"elementor-element elementor-element-15b0530 elementor-widget elementor-widget-text-editor\" data-id=\"15b0530\" data-element_type=\"widget\" data-widget_type=\"text-editor.default\">\n\t\t\t\t<div class=\"elementor-widget-container\">\n\t\t\t\t\t\t\t\t\t<h5><strong>Un micro-verger biologique et respectueux du vivant<\/strong><\/h5>\n<p><!-- \/wp:paragraph --><!-- wp:paragraph --><\/p>\n<p>Sur notre petite surface de 2 hectares, nous nous sommes engag\u00e9s naturellement d\u00e8s l\u2019origine en Agriculture Biologique. Nous n&#8217;utilisons aucun pesticide, herbicide ou engrais chimique sur l&#8217;ensemble de nos productions. Notre petite ferme profite \u00e9galement d&#8217;un cadre exceptionnel entour\u00e9 de for\u00eats et prot\u00e9g\u00e9 pour sa biodiversit\u00e9 (zone Natura 2000). Nos cultures sont r\u00e9parties sur deux parcelles travers\u00e9es par une jolie rivi\u00e8re nomm\u00e9e Le Couzeau, affluent de la Dordogne.<\/p>\n<p><!-- \/wp:paragraph --><!-- wp:paragraph --><!-- \/wp:paragraph --><\/p>\t\t\t\t\t\t\t\t<\/div>\n\t\t\t\t<\/div>\n\t\t\t\t\t<\/div>\n\t\t\t\t<\/div>\n\t\t<div class=\"elementor-element elementor-element-1362722 e-grid e-con-boxed e-con e-parent\" data-id=\"1362722\" data-element_type=\"container\">\n\t\t\t\t\t<div class=\"e-con-inner\">\n\t\t\t\t<div class=\"elementor-element elementor-element-e9276a0 elementor-widget elementor-widget-text-editor\" data-id=\"e9276a0\" data-element_type=\"widget\" data-widget_type=\"text-editor.default\">\n\t\t\t\t<div class=\"elementor-widget-container\">\n\t\t\t\t\t\t\t\t\t<h5><strong>Un Savoir-Faire Artisanal<\/strong><\/h5>\n<p><!-- \/wp:paragraph --><!-- wp:paragraph --><\/p>\n<p>Plongez dans notre univers de saveurs avec notre gamme diversifi\u00e9e de produits artisanaux. Chaque recette est formul\u00e9e avec des ingr\u00e9dients naturels et biologiques pour vous offrir des produits de qualit\u00e9. Des confitures d\u00e9licieusement onctueuses aux sirops rafra\u00eechissants en passant par des infusions r\u00e9confortantes, chaque produit du Moulin O&#8217; Fruits est une invitation \u00e0 l&#8217;\u00e9merveillement des papilles.<\/p>\n<p><a href=\"https:\/\/moulinofruits.com\/index.php\/confiture\/\">&gt;&gt;&gt; D\u00e9couvrez nos confitures<\/a><\/p>\n<p><!-- \/wp:paragraph --><!-- wp:paragraph --><!-- \/wp:paragraph --><\/p>\t\t\t\t\t\t\t\t<\/div>\n\t\t\t\t<\/div>\n\t\t\t\t<div class=\"elementor-element elementor-element-e1c121c elementor-hidden-tablet elementor-hidden-mobile elementor-widget elementor-widget-image\" data-id=\"e1c121c\" data-element_type=\"widget\" data-widget_type=\"image.default\">\n\t\t\t\t<div class=\"elementor-widget-container\">\n\t\t\t\t\t\t\t\t\t\t\t\t\t\t\t<img decoding=\"async\" width=\"1024\" height=\"768\" src=\"https:\/\/moulinofruits.com\/wp-content\/uploads\/2024\/05\/Labo-MoulinOfruits-4Tiers-1024x768.jpg\" class=\"attachment-large size-large wp-image-300\" alt=\"\" srcset=\"https:\/\/moulinofruits.com\/wp-content\/uploads\/2024\/05\/Labo-MoulinOfruits-4Tiers-1024x768.jpg 1024w, https:\/\/moulinofruits.com\/wp-content\/uploads\/2024\/05\/Labo-MoulinOfruits-4Tiers-300x225.jpg 300w, https:\/\/moulinofruits.com\/wp-content\/uploads\/2024\/05\/Labo-MoulinOfruits-4Tiers-768x576.jpg 768w, https:\/\/moulinofruits.com\/wp-content\/uploads\/2024\/05\/Labo-MoulinOfruits-4Tiers-1536x1152.jpg 1536w, https:\/\/moulinofruits.com\/wp-content\/uploads\/2024\/05\/Labo-MoulinOfruits-4Tiers-2048x1536.jpg 2048w\" sizes=\"(max-width: 1024px) 100vw, 1024px\" \/>\t\t\t\t\t\t\t\t\t\t\t\t\t\t\t<\/div>\n\t\t\t\t<\/div>\n\t\t\t\t\t<\/div>\n\t\t\t\t<\/div>\n\t\t<div class=\"elementor-element elementor-element-c356993 e-grid e-con-boxed e-con e-parent\" data-id=\"c356993\" data-element_type=\"container\">\n\t\t\t\t\t<div class=\"e-con-inner\">\n\t\t\t\t<div class=\"elementor-element elementor-element-fc9db41 elementor-hidden-tablet elementor-hidden-mobile elementor-widget elementor-widget-image\" data-id=\"fc9db41\" data-element_type=\"widget\" data-widget_type=\"image.default\">\n\t\t\t\t<div class=\"elementor-widget-container\">\n\t\t\t\t\t\t\t\t\t\t\t\t\t\t\t<img loading=\"lazy\" decoding=\"async\" width=\"1024\" height=\"768\" src=\"https:\/\/moulinofruits.com\/wp-content\/uploads\/2025\/02\/BPREA-MoulinOFruits-4Tiers-1024x768.jpg\" class=\"attachment-large size-large wp-image-950\" alt=\"\" srcset=\"https:\/\/moulinofruits.com\/wp-content\/uploads\/2025\/02\/BPREA-MoulinOFruits-4Tiers-1024x768.jpg 1024w, https:\/\/moulinofruits.com\/wp-content\/uploads\/2025\/02\/BPREA-MoulinOFruits-4Tiers-300x225.jpg 300w, https:\/\/moulinofruits.com\/wp-content\/uploads\/2025\/02\/BPREA-MoulinOFruits-4Tiers-768x576.jpg 768w, https:\/\/moulinofruits.com\/wp-content\/uploads\/2025\/02\/BPREA-MoulinOFruits-4Tiers-1536x1152.jpg 1536w, https:\/\/moulinofruits.com\/wp-content\/uploads\/2025\/02\/BPREA-MoulinOFruits-4Tiers-2048x1536.jpg 2048w\" sizes=\"(max-width: 1024px) 100vw, 1024px\" \/>\t\t\t\t\t\t\t\t\t\t\t\t\t\t\t<\/div>\n\t\t\t\t<\/div>\n\t\t\t\t<div class=\"elementor-element elementor-element-5829bc8 elementor-widget elementor-widget-text-editor\" data-id=\"5829bc8\" data-element_type=\"widget\" data-widget_type=\"text-editor.default\">\n\t\t\t\t<div class=\"elementor-widget-container\">\n\t\t\t\t\t\t\t\t\t<h5><strong>Les Origines<\/strong><\/h5>\n<p><!-- \/wp:paragraph --><!-- wp:paragraph --><\/p>\n<p>Apr\u00e8s une premi\u00e8re partie de vie professionnelle loin de la terre, nous avons choisi de faire un virage \u00e0 180 \u00b0 et nous reconnecter \u00e0 nos racines puisque nos grands parents \u00e9taient agriculteurs. Nous sommes repartis sur les bancs de l\u2019\u00e9cole pour nous former aux m\u00e9tiers de l\u2019agriculture et avons fait plusieurs stages pour conforter notre choix. Et en 2021, nous avons emm\u00e9nag\u00e9 en Dordogne et sommes devenus fi\u00e8rement des Neo-Paysans en cr\u00e9ant Moulin O\u2019 Fruits.<\/p>\n<p><!-- \/wp:paragraph --><!-- wp:paragraph --><!-- \/wp:paragraph --><\/p>\t\t\t\t\t\t\t\t<\/div>\n\t\t\t\t<\/div>\n\t\t\t\t\t<\/div>\n\t\t\t\t<\/div>\n\t\t<div class=\"elementor-element elementor-element-3d97040 e-grid e-con-boxed e-con e-parent\" data-id=\"3d97040\" data-element_type=\"container\">\n\t\t\t\t\t<div class=\"e-con-inner\">\n\t\t\t\t<div class=\"elementor-element elementor-element-c1bdb70 elementor-widget elementor-widget-text-editor\" data-id=\"c1bdb70\" data-element_type=\"widget\" data-widget_type=\"text-editor.default\">\n\t\t\t\t<div class=\"elementor-widget-container\">\n\t\t\t\t\t\t\t\t\t<h5><strong>Pourquoi le nom &#8221; Moulin O&#8217; Fruits&#8221; ?<\/strong><\/h5>\n<p><!-- \/wp:paragraph --><!-- wp:paragraph --><\/p>\n<p>Le choix du nom n\u2019a pas \u00e9t\u00e9 une chose ais\u00e9e. Nous avions plein de noms en t\u00eate\u2026 Puis c\u2019est naturellement que nous sommes revenus \u00e0 un nom plus authentique et logique. MOULIN O&#8217; FRUITS c&#8217;est tout d&#8217;abord un lieu unique charg\u00e9 d&#8217;histoire avec un moulin datant du 15\u00e8me si\u00e8cle. O&#8217; car il s&#8217;agit d&#8217;un ancien moulin \u00e0 eau et que notre verger est travers\u00e9 par une rivi\u00e8re Le Couzeau. Fruits car nous produisons et transformons avant tout des fruits. C\u2019est aussi simple que \u00e7a !<\/p>\n<p><!-- \/wp:paragraph --><\/p>\t\t\t\t\t\t\t\t<\/div>\n\t\t\t\t<\/div>\n\t\t\t\t<div class=\"elementor-element elementor-element-dc691a4 elementor-hidden-tablet elementor-hidden-mobile elementor-widget elementor-widget-image\" data-id=\"dc691a4\" data-element_type=\"widget\" data-widget_type=\"image.default\">\n\t\t\t\t<div class=\"elementor-widget-container\">\n\t\t\t\t\t\t\t\t\t\t\t\t\t\t\t<img loading=\"lazy\" decoding=\"async\" width=\"1024\" height=\"576\" src=\"https:\/\/moulinofruits.com\/wp-content\/uploads\/2024\/05\/MoulinOFruits-logo-couleurs-BD-169eme-1024x576.jpg\" class=\"attachment-large size-large wp-image-195\" alt=\"\" srcset=\"https:\/\/moulinofruits.com\/wp-content\/uploads\/2024\/05\/MoulinOFruits-logo-couleurs-BD-169eme-1024x576.jpg 1024w, https:\/\/moulinofruits.com\/wp-content\/uploads\/2024\/05\/MoulinOFruits-logo-couleurs-BD-169eme-300x169.jpg 300w, https:\/\/moulinofruits.com\/wp-content\/uploads\/2024\/05\/MoulinOFruits-logo-couleurs-BD-169eme-768x432.jpg 768w, https:\/\/moulinofruits.com\/wp-content\/uploads\/2024\/05\/MoulinOFruits-logo-couleurs-BD-169eme-1536x864.jpg 1536w, https:\/\/moulinofruits.com\/wp-content\/uploads\/2024\/05\/MoulinOFruits-logo-couleurs-BD-169eme-2048x1152.jpg 2048w\" sizes=\"(max-width: 1024px) 100vw, 1024px\" \/>\t\t\t\t\t\t\t\t\t\t\t\t\t\t\t<\/div>\n\t\t\t\t<\/div>\n\t\t\t\t\t<\/div>\n\t\t\t\t<\/div>\n\t\t\t\t<\/div>\n\t\t","protected":false},"excerpt":{"rendered":"<p>Moulin O&#8217; Fruits, qui sommes-nous ? Moulin O&#8217; Fruits : Cultivons l&#8217;art du fruit avec passion Bienvenue chez Moulin O&#8217; Fruits, o\u00f9 la passion pour la terre, le d\u00e9vouement \u00e0 la qualit\u00e9 et le respect de l&#8217;environnement nous animent. Dans notre micro-ferme en Dordogne, nous cultivons fruits et aromatiques et sublimons une partie de notre&hellip;&nbsp;<a href=\"https:\/\/moulinofruits.com\/index.php\/qui-sommes-nous\/\" class=\"\" rel=\"bookmark\">Read More &raquo;<span class=\"screen-reader-text\">Qui sommes-nous ?<\/span><\/a><\/p>\n","protected":false},"author":1,"featured_media":0,"parent":0,"menu_order":0,"comment_status":"closed","ping_status":"closed","template":"page-templates\/template-pagebuilder-full-width.php","meta":{"neve_meta_sidebar":"","neve_meta_container":"","neve_meta_enable_content_width":"","neve_meta_content_width":0,"neve_meta_title_alignment":"","neve_meta_author_avatar":"","neve_post_elements_order":"","neve_meta_disable_header":"","neve_meta_disable_footer":"","neve_meta_disable_title":"","footnotes":""},"class_list":["post-10","page","type-page","status-publish","hentry"],"yoast_head":"<!-- This site is optimized with the Yoast SEO plugin v26.2 - https:\/\/yoast.com\/wordpress\/plugins\/seo\/ -->\n<title>Qui sommes-nous ? - Moulin O&#039; Fruits<\/title>\n<meta name=\"description\" content=\"D\u00e9couvrez qui sont ces producteurs de petits fruits bio en Dordogne, leurs productions, leurs cr\u00e9ations, les origines du projet...\" \/>\n<meta name=\"robots\" content=\"index, follow, max-snippet:-1, max-image-preview:large, max-video-preview:-1\" \/>\n<link rel=\"canonical\" href=\"https:\/\/moulinofruits.com\/index.php\/qui-sommes-nous\/\" \/>\n<meta property=\"og:locale\" content=\"en_US\" \/>\n<meta property=\"og:type\" content=\"article\" \/>\n<meta property=\"og:title\" content=\"Qui sommes-nous ? - Moulin O&#039; Fruits\" \/>\n<meta property=\"og:description\" content=\"D\u00e9couvrez qui sont ces producteurs de petits fruits bio en Dordogne, leurs productions, leurs cr\u00e9ations, les origines du projet...\" \/>\n<meta property=\"og:url\" content=\"https:\/\/moulinofruits.com\/index.php\/qui-sommes-nous\/\" \/>\n<meta property=\"og:site_name\" content=\"Moulin O&#039; Fruits\" \/>\n<meta property=\"article:modified_time\" content=\"2025-09-15T09:35:31+00:00\" \/>\n<meta property=\"og:image\" content=\"https:\/\/moulinofruits.com\/wp-content\/uploads\/2024\/05\/Proprietaires-MoulinOFruits.jpg\" \/>\n<meta name=\"twitter:card\" content=\"summary_large_image\" \/>\n<meta name=\"twitter:label1\" content=\"Est. reading time\" \/>\n\t<meta name=\"twitter:data1\" content=\"4 minutes\" \/>\n<script type=\"application\/ld+json\" class=\"yoast-schema-graph\">{\"@context\":\"https:\/\/schema.org\",\"@graph\":[{\"@type\":\"WebPage\",\"@id\":\"https:\/\/moulinofruits.com\/index.php\/qui-sommes-nous\/\",\"url\":\"https:\/\/moulinofruits.com\/index.php\/qui-sommes-nous\/\",\"name\":\"Qui sommes-nous ? - Moulin O&#039; Fruits\",\"isPartOf\":{\"@id\":\"https:\/\/moulinofruits.com\/#website\"},\"primaryImageOfPage\":{\"@id\":\"https:\/\/moulinofruits.com\/index.php\/qui-sommes-nous\/#primaryimage\"},\"image\":{\"@id\":\"https:\/\/moulinofruits.com\/index.php\/qui-sommes-nous\/#primaryimage\"},\"thumbnailUrl\":\"https:\/\/moulinofruits.com\/wp-content\/uploads\/2024\/05\/Proprietaires-MoulinOFruits.jpg\",\"datePublished\":\"2024-05-14T12:57:46+00:00\",\"dateModified\":\"2025-09-15T09:35:31+00:00\",\"description\":\"D\u00e9couvrez qui sont ces producteurs de petits fruits bio en Dordogne, leurs productions, leurs cr\u00e9ations, les origines du projet...\",\"breadcrumb\":{\"@id\":\"https:\/\/moulinofruits.com\/index.php\/qui-sommes-nous\/#breadcrumb\"},\"inLanguage\":\"en-US\",\"potentialAction\":[{\"@type\":\"ReadAction\",\"target\":[\"https:\/\/moulinofruits.com\/index.php\/qui-sommes-nous\/\"]}]},{\"@type\":\"ImageObject\",\"inLanguage\":\"en-US\",\"@id\":\"https:\/\/moulinofruits.com\/index.php\/qui-sommes-nous\/#primaryimage\",\"url\":\"https:\/\/moulinofruits.com\/wp-content\/uploads\/2024\/05\/Proprietaires-MoulinOFruits.jpg\",\"contentUrl\":\"https:\/\/moulinofruits.com\/wp-content\/uploads\/2024\/05\/Proprietaires-MoulinOFruits.jpg\",\"width\":572,\"height\":429},{\"@type\":\"BreadcrumbList\",\"@id\":\"https:\/\/moulinofruits.com\/index.php\/qui-sommes-nous\/#breadcrumb\",\"itemListElement\":[{\"@type\":\"ListItem\",\"position\":1,\"name\":\"Accueil\",\"item\":\"https:\/\/moulinofruits.com\/\"},{\"@type\":\"ListItem\",\"position\":2,\"name\":\"Qui sommes-nous ?\"}]},{\"@type\":\"WebSite\",\"@id\":\"https:\/\/moulinofruits.com\/#website\",\"url\":\"https:\/\/moulinofruits.com\/\",\"name\":\"Moulin O&#039; Fruits\",\"description\":\"Producteur de fruits &amp; Cr\u00e9ateur de saveurs\",\"potentialAction\":[{\"@type\":\"SearchAction\",\"target\":{\"@type\":\"EntryPoint\",\"urlTemplate\":\"https:\/\/moulinofruits.com\/?s={search_term_string}\"},\"query-input\":{\"@type\":\"PropertyValueSpecification\",\"valueRequired\":true,\"valueName\":\"search_term_string\"}}],\"inLanguage\":\"en-US\"}]}<\/script>\n<!-- \/ Yoast SEO plugin. -->","yoast_head_json":{"title":"Qui sommes-nous ? - Moulin O&#039; Fruits","description":"D\u00e9couvrez qui sont ces producteurs de petits fruits bio en Dordogne, leurs productions, leurs cr\u00e9ations, les origines du projet...","robots":{"index":"index","follow":"follow","max-snippet":"max-snippet:-1","max-image-preview":"max-image-preview:large","max-video-preview":"max-video-preview:-1"},"canonical":"https:\/\/moulinofruits.com\/index.php\/qui-sommes-nous\/","og_locale":"en_US","og_type":"article","og_title":"Qui sommes-nous ? - Moulin O&#039; Fruits","og_description":"D\u00e9couvrez qui sont ces producteurs de petits fruits bio en Dordogne, leurs productions, leurs cr\u00e9ations, les origines du projet...","og_url":"https:\/\/moulinofruits.com\/index.php\/qui-sommes-nous\/","og_site_name":"Moulin O&#039; Fruits","article_modified_time":"2025-09-15T09:35:31+00:00","og_image":[{"url":"https:\/\/moulinofruits.com\/wp-content\/uploads\/2024\/05\/Proprietaires-MoulinOFruits.jpg","type":"","width":"","height":""}],"twitter_card":"summary_large_image","twitter_misc":{"Est. reading time":"4 minutes"},"schema":{"@context":"https:\/\/schema.org","@graph":[{"@type":"WebPage","@id":"https:\/\/moulinofruits.com\/index.php\/qui-sommes-nous\/","url":"https:\/\/moulinofruits.com\/index.php\/qui-sommes-nous\/","name":"Qui sommes-nous ? - Moulin O&#039; Fruits","isPartOf":{"@id":"https:\/\/moulinofruits.com\/#website"},"primaryImageOfPage":{"@id":"https:\/\/moulinofruits.com\/index.php\/qui-sommes-nous\/#primaryimage"},"image":{"@id":"https:\/\/moulinofruits.com\/index.php\/qui-sommes-nous\/#primaryimage"},"thumbnailUrl":"https:\/\/moulinofruits.com\/wp-content\/uploads\/2024\/05\/Proprietaires-MoulinOFruits.jpg","datePublished":"2024-05-14T12:57:46+00:00","dateModified":"2025-09-15T09:35:31+00:00","description":"D\u00e9couvrez qui sont ces producteurs de petits fruits bio en Dordogne, leurs productions, leurs cr\u00e9ations, les origines du projet...","breadcrumb":{"@id":"https:\/\/moulinofruits.com\/index.php\/qui-sommes-nous\/#breadcrumb"},"inLanguage":"en-US","potentialAction":[{"@type":"ReadAction","target":["https:\/\/moulinofruits.com\/index.php\/qui-sommes-nous\/"]}]},{"@type":"ImageObject","inLanguage":"en-US","@id":"https:\/\/moulinofruits.com\/index.php\/qui-sommes-nous\/#primaryimage","url":"https:\/\/moulinofruits.com\/wp-content\/uploads\/2024\/05\/Proprietaires-MoulinOFruits.jpg","contentUrl":"https:\/\/moulinofruits.com\/wp-content\/uploads\/2024\/05\/Proprietaires-MoulinOFruits.jpg","width":572,"height":429},{"@type":"BreadcrumbList","@id":"https:\/\/moulinofruits.com\/index.php\/qui-sommes-nous\/#breadcrumb","itemListElement":[{"@type":"ListItem","position":1,"name":"Accueil","item":"https:\/\/moulinofruits.com\/"},{"@type":"ListItem","position":2,"name":"Qui sommes-nous ?"}]},{"@type":"WebSite","@id":"https:\/\/moulinofruits.com\/#website","url":"https:\/\/moulinofruits.com\/","name":"Moulin O&#039; Fruits","description":"Producteur de fruits &amp; Cr\u00e9ateur de saveurs","potentialAction":[{"@type":"SearchAction","target":{"@type":"EntryPoint","urlTemplate":"https:\/\/moulinofruits.com\/?s={search_term_string}"},"query-input":{"@type":"PropertyValueSpecification","valueRequired":true,"valueName":"search_term_string"}}],"inLanguage":"en-US"}]}},"_links":{"self":[{"href":"https:\/\/moulinofruits.com\/index.php\/wp-json\/wp\/v2\/pages\/10","targetHints":{"allow":["GET"]}}],"collection":[{"href":"https:\/\/moulinofruits.com\/index.php\/wp-json\/wp\/v2\/pages"}],"about":[{"href":"https:\/\/moulinofruits.com\/index.php\/wp-json\/wp\/v2\/types\/page"}],"author":[{"embeddable":true,"href":"https:\/\/moulinofruits.com\/index.php\/wp-json\/wp\/v2\/users\/1"}],"replies":[{"embeddable":true,"href":"https:\/\/moulinofruits.com\/index.php\/wp-json\/wp\/v2\/comments?post=10"}],"version-history":[{"count":71,"href":"https:\/\/moulinofruits.com\/index.php\/wp-json\/wp\/v2\/pages\/10\/revisions"}],"predecessor-version":[{"id":1622,"href":"https:\/\/moulinofruits.com\/index.php\/wp-json\/wp\/v2\/pages\/10\/revisions\/1622"}],"wp:attachment":[{"href":"https:\/\/moulinofruits.com\/index.php\/wp-json\/wp\/v2\/media?parent=10"}],"curies":[{"name":"wp","href":"https:\/\/api.w.org\/{rel}","templated":true}]}}