{"id":1566,"date":"2025-07-21T15:13:10","date_gmt":"2025-07-21T13:13:10","guid":{"rendered":"https:\/\/moulinofruits.com\/?page_id=1566"},"modified":"2026-04-10T22:31:51","modified_gmt":"2026-04-10T20:31:51","slug":"elementor-1566","status":"publish","type":"page","link":"https:\/\/moulinofruits.com\/index.php\/elementor-1566\/","title":{"rendered":"Batonnets Glac\u00e9s"},"content":{"rendered":"\t\t<div data-elementor-type=\"wp-page\" data-elementor-id=\"1566\" class=\"elementor elementor-1566\" data-elementor-post-type=\"page\">\n\t\t\t\t<div class=\"elementor-element elementor-element-f563904 e-flex e-con-boxed e-con e-parent\" data-id=\"f563904\" data-element_type=\"container\">\n\t\t\t\t\t<div class=\"e-con-inner\">\n\t\t<div class=\"elementor-element elementor-element-e0535ef e-flex e-con-boxed e-con e-child\" data-id=\"e0535ef\" data-element_type=\"container\">\n\t\t\t\t\t<div class=\"e-con-inner\">\n\t\t\t\t\t<\/div>\n\t\t\t\t<\/div>\n\t\t\t\t<div class=\"elementor-element elementor-element-16d7978 elementor-widget elementor-widget-heading\" data-id=\"16d7978\" data-element_type=\"widget\" data-widget_type=\"heading.default\">\n\t\t\t\t<div class=\"elementor-widget-container\">\n\t\t\t\t\t<h2 class=\"elementor-heading-title elementor-size-default\">Les B\u00e2tonnets Glac\u00e9s du Moulin O' Fruits<\/h2>\t\t\t\t<\/div>\n\t\t\t\t<\/div>\n\t\t\t\t\t<\/div>\n\t\t\t\t<\/div>\n\t\t<div class=\"elementor-element elementor-element-6f9b74a e-flex e-con-boxed e-con e-parent\" data-id=\"6f9b74a\" data-element_type=\"container\">\n\t\t\t\t\t<div class=\"e-con-inner\">\n\t\t\t\t<div class=\"elementor-element elementor-element-3df0598 elementor-widget elementor-widget-text-editor\" data-id=\"3df0598\" data-element_type=\"widget\" data-widget_type=\"text-editor.default\">\n\t\t\t\t<div class=\"elementor-widget-container\">\n\t\t\t\t\t\t\t\t\t<p>Au Moulin O\u2019 Fruits, nous avons imagin\u00e9 <strong>une gamme de b\u00e2tonnets glac\u00e9s bio &amp; paysans<\/strong> sans lactose.<\/p><p>Nos sorbets plein fruit sont fabriqu\u00e9s avec de la pur\u00e9e de fruits, du sucre de canne et de l&#8217;eau de source. Sans colorant, sans arome artificiel et sans conservateur &#8211; juste le bon go\u00fbt de nos fruits.<\/p>\n<p>Tous les fruits et plantes proviennent <strong>exclusivement de notre exploitation et &nbsp;100 % certifi\u00e9s Bio.<\/strong><\/p>\n<div>\n<p>Dans d&#8217;autres pays, on les appelle : <strong>Ice Pop, Popsicle ou Paleta<\/strong><\/p>\n<\/div>\n<p>Pour d\u00e9couvrir nos <strong>bat\u00f4nnets glac\u00e9s disponibles en ce moment \u00e0 la ferme<\/strong> &gt;&gt;&gt; <strong><a href=\"https:\/\/moulinofruits.com\/index.php\/drive-fermier\/\" target=\"_blank\" rel=\"noopener\">R\u00e9servez via notre Drive Fermier<\/a><\/strong><\/p>\n<p>Retrouvez nos b\u00e2tonnets glac\u00e9s <b>sur les march\u00e9s gourmands nocturnes en saison et chez nos partenaires revendeurs&nbsp; &gt;&gt;&gt; <strong><a href=\"https:\/\/moulinofruits.com\/index.php\/ou-trouver-nos-produits\/\" target=\"_blank\" rel=\"noopener\">O\u00f9 nous trouver ?<\/a><\/strong><\/b><\/p>\t\t\t\t\t\t\t\t<\/div>\n\t\t\t\t<\/div>\n\t\t\t\t\t<\/div>\n\t\t\t\t<\/div>\n\t\t<div class=\"elementor-element elementor-element-ee404e0 e-flex e-con-boxed e-con e-parent\" data-id=\"ee404e0\" data-element_type=\"container\">\n\t\t\t\t\t<div class=\"e-con-inner\">\n\t\t\t\t<div class=\"elementor-element elementor-element-bd4842b elementor-widget elementor-widget-image\" data-id=\"bd4842b\" data-element_type=\"widget\" data-widget_type=\"image.default\">\n\t\t\t\t<div class=\"elementor-widget-container\">\n\t\t\t\t\t\t\t\t\t\t\t\t\t\t\t<img fetchpriority=\"high\" decoding=\"async\" width=\"907\" height=\"680\" src=\"https:\/\/moulinofruits.com\/wp-content\/uploads\/2026\/04\/SorbetPaysan_Dordogne_MoulinOFruits_4Tiers_2.png\" class=\"attachment-large size-large wp-image-1901\" alt=\"\" srcset=\"https:\/\/moulinofruits.com\/wp-content\/uploads\/2026\/04\/SorbetPaysan_Dordogne_MoulinOFruits_4Tiers_2.png 907w, https:\/\/moulinofruits.com\/wp-content\/uploads\/2026\/04\/SorbetPaysan_Dordogne_MoulinOFruits_4Tiers_2-300x225.png 300w, https:\/\/moulinofruits.com\/wp-content\/uploads\/2026\/04\/SorbetPaysan_Dordogne_MoulinOFruits_4Tiers_2-768x576.png 768w\" sizes=\"(max-width: 907px) 100vw, 907px\" \/>\t\t\t\t\t\t\t\t\t\t\t\t\t\t\t<\/div>\n\t\t\t\t<\/div>\n\t\t\t\t\t<\/div>\n\t\t\t\t<\/div>\n\t\t\t\t<\/div>\n\t\t","protected":false},"excerpt":{"rendered":"<p>Les B\u00e2tonnets Glac\u00e9s du Moulin O&#8217; Fruits Au Moulin O\u2019 Fruits, nous avons imagin\u00e9 une gamme de b\u00e2tonnets glac\u00e9s bio &amp; paysans sans lactose. Nos sorbets plein fruit sont fabriqu\u00e9s avec de la pur\u00e9e de fruits, du sucre de canne et de l&#8217;eau de source. Sans colorant, sans arome artificiel et sans conservateur &#8211; juste&hellip;&nbsp;<a href=\"https:\/\/moulinofruits.com\/index.php\/elementor-1566\/\" class=\"\" rel=\"bookmark\">Read More &raquo;<span class=\"screen-reader-text\">Batonnets Glac\u00e9s<\/span><\/a><\/p>\n","protected":false},"author":1,"featured_media":0,"parent":0,"menu_order":0,"comment_status":"closed","ping_status":"closed","template":"page-templates\/template-pagebuilder-full-width.php","meta":{"neve_meta_sidebar":"","neve_meta_container":"","neve_meta_enable_content_width":"","neve_meta_content_width":0,"neve_meta_title_alignment":"","neve_meta_author_avatar":"","neve_post_elements_order":"","neve_meta_disable_header":"","neve_meta_disable_footer":"","neve_meta_disable_title":"","footnotes":""},"class_list":["post-1566","page","type-page","status-publish","hentry"],"yoast_head":"<!-- This site is optimized with the Yoast SEO plugin v26.2 - https:\/\/yoast.com\/wordpress\/plugins\/seo\/ -->\n<title>Batonnets Glac\u00e9s - Moulin O&#039; Fruits<\/title>\n<meta name=\"robots\" content=\"index, follow, max-snippet:-1, max-image-preview:large, max-video-preview:-1\" \/>\n<link rel=\"canonical\" href=\"https:\/\/moulinofruits.com\/index.php\/elementor-1566\/\" \/>\n<meta property=\"og:locale\" content=\"en_US\" \/>\n<meta property=\"og:type\" content=\"article\" \/>\n<meta property=\"og:title\" content=\"Batonnets Glac\u00e9s - Moulin O&#039; Fruits\" \/>\n<meta property=\"og:description\" content=\"Les B\u00e2tonnets Glac\u00e9s du Moulin O&#8217; Fruits Au Moulin O\u2019 Fruits, nous avons imagin\u00e9 une gamme de b\u00e2tonnets glac\u00e9s bio &amp; paysans sans lactose. Nos sorbets plein fruit sont fabriqu\u00e9s avec de la pur\u00e9e de fruits, du sucre de canne et de l&#8217;eau de source. Sans colorant, sans arome artificiel et sans conservateur &#8211; juste&hellip;&nbsp;Read More &raquo;Batonnets Glac\u00e9s\" \/>\n<meta property=\"og:url\" content=\"https:\/\/moulinofruits.com\/index.php\/elementor-1566\/\" \/>\n<meta property=\"og:site_name\" content=\"Moulin O&#039; Fruits\" \/>\n<meta property=\"article:modified_time\" content=\"2026-04-10T20:31:51+00:00\" \/>\n<meta property=\"og:image\" content=\"https:\/\/moulinofruits.com\/wp-content\/uploads\/2026\/04\/SorbetPaysan_Dordogne_MoulinOFruits_4Tiers_2.png\" \/>\n\t<meta property=\"og:image:width\" content=\"907\" \/>\n\t<meta property=\"og:image:height\" content=\"680\" \/>\n\t<meta property=\"og:image:type\" content=\"image\/png\" \/>\n<meta name=\"twitter:card\" content=\"summary_large_image\" \/>\n<meta name=\"twitter:label1\" content=\"Est. reading time\" \/>\n\t<meta name=\"twitter:data1\" content=\"1 minute\" \/>\n<script type=\"application\/ld+json\" class=\"yoast-schema-graph\">{\"@context\":\"https:\/\/schema.org\",\"@graph\":[{\"@type\":\"WebPage\",\"@id\":\"https:\/\/moulinofruits.com\/index.php\/elementor-1566\/\",\"url\":\"https:\/\/moulinofruits.com\/index.php\/elementor-1566\/\",\"name\":\"Batonnets Glac\u00e9s - Moulin O&#039; Fruits\",\"isPartOf\":{\"@id\":\"https:\/\/moulinofruits.com\/#website\"},\"primaryImageOfPage\":{\"@id\":\"https:\/\/moulinofruits.com\/index.php\/elementor-1566\/#primaryimage\"},\"image\":{\"@id\":\"https:\/\/moulinofruits.com\/index.php\/elementor-1566\/#primaryimage\"},\"thumbnailUrl\":\"https:\/\/moulinofruits.com\/wp-content\/uploads\/2026\/04\/SorbetPaysan_Dordogne_MoulinOFruits_4Tiers_2.png\",\"datePublished\":\"2025-07-21T13:13:10+00:00\",\"dateModified\":\"2026-04-10T20:31:51+00:00\",\"breadcrumb\":{\"@id\":\"https:\/\/moulinofruits.com\/index.php\/elementor-1566\/#breadcrumb\"},\"inLanguage\":\"en-US\",\"potentialAction\":[{\"@type\":\"ReadAction\",\"target\":[\"https:\/\/moulinofruits.com\/index.php\/elementor-1566\/\"]}]},{\"@type\":\"ImageObject\",\"inLanguage\":\"en-US\",\"@id\":\"https:\/\/moulinofruits.com\/index.php\/elementor-1566\/#primaryimage\",\"url\":\"https:\/\/moulinofruits.com\/wp-content\/uploads\/2026\/04\/SorbetPaysan_Dordogne_MoulinOFruits_4Tiers_2.png\",\"contentUrl\":\"https:\/\/moulinofruits.com\/wp-content\/uploads\/2026\/04\/SorbetPaysan_Dordogne_MoulinOFruits_4Tiers_2.png\",\"width\":907,\"height\":680},{\"@type\":\"BreadcrumbList\",\"@id\":\"https:\/\/moulinofruits.com\/index.php\/elementor-1566\/#breadcrumb\",\"itemListElement\":[{\"@type\":\"ListItem\",\"position\":1,\"name\":\"Accueil\",\"item\":\"https:\/\/moulinofruits.com\/\"},{\"@type\":\"ListItem\",\"position\":2,\"name\":\"Batonnets Glac\u00e9s\"}]},{\"@type\":\"WebSite\",\"@id\":\"https:\/\/moulinofruits.com\/#website\",\"url\":\"https:\/\/moulinofruits.com\/\",\"name\":\"Moulin O&#039; Fruits\",\"description\":\"Producteur de fruits &amp; Cr\u00e9ateur de saveurs\",\"potentialAction\":[{\"@type\":\"SearchAction\",\"target\":{\"@type\":\"EntryPoint\",\"urlTemplate\":\"https:\/\/moulinofruits.com\/?s={search_term_string}\"},\"query-input\":{\"@type\":\"PropertyValueSpecification\",\"valueRequired\":true,\"valueName\":\"search_term_string\"}}],\"inLanguage\":\"en-US\"}]}<\/script>\n<!-- \/ Yoast SEO plugin. -->","yoast_head_json":{"title":"Batonnets Glac\u00e9s - Moulin O&#039; Fruits","robots":{"index":"index","follow":"follow","max-snippet":"max-snippet:-1","max-image-preview":"max-image-preview:large","max-video-preview":"max-video-preview:-1"},"canonical":"https:\/\/moulinofruits.com\/index.php\/elementor-1566\/","og_locale":"en_US","og_type":"article","og_title":"Batonnets Glac\u00e9s - Moulin O&#039; Fruits","og_description":"Les B\u00e2tonnets Glac\u00e9s du Moulin O&#8217; Fruits Au Moulin O\u2019 Fruits, nous avons imagin\u00e9 une gamme de b\u00e2tonnets glac\u00e9s bio &amp; paysans sans lactose. Nos sorbets plein fruit sont fabriqu\u00e9s avec de la pur\u00e9e de fruits, du sucre de canne et de l&#8217;eau de source. Sans colorant, sans arome artificiel et sans conservateur &#8211; juste&hellip;&nbsp;Read More &raquo;Batonnets Glac\u00e9s","og_url":"https:\/\/moulinofruits.com\/index.php\/elementor-1566\/","og_site_name":"Moulin O&#039; Fruits","article_modified_time":"2026-04-10T20:31:51+00:00","og_image":[{"width":907,"height":680,"url":"https:\/\/moulinofruits.com\/wp-content\/uploads\/2026\/04\/SorbetPaysan_Dordogne_MoulinOFruits_4Tiers_2.png","type":"image\/png"}],"twitter_card":"summary_large_image","twitter_misc":{"Est. reading time":"1 minute"},"schema":{"@context":"https:\/\/schema.org","@graph":[{"@type":"WebPage","@id":"https:\/\/moulinofruits.com\/index.php\/elementor-1566\/","url":"https:\/\/moulinofruits.com\/index.php\/elementor-1566\/","name":"Batonnets Glac\u00e9s - Moulin O&#039; Fruits","isPartOf":{"@id":"https:\/\/moulinofruits.com\/#website"},"primaryImageOfPage":{"@id":"https:\/\/moulinofruits.com\/index.php\/elementor-1566\/#primaryimage"},"image":{"@id":"https:\/\/moulinofruits.com\/index.php\/elementor-1566\/#primaryimage"},"thumbnailUrl":"https:\/\/moulinofruits.com\/wp-content\/uploads\/2026\/04\/SorbetPaysan_Dordogne_MoulinOFruits_4Tiers_2.png","datePublished":"2025-07-21T13:13:10+00:00","dateModified":"2026-04-10T20:31:51+00:00","breadcrumb":{"@id":"https:\/\/moulinofruits.com\/index.php\/elementor-1566\/#breadcrumb"},"inLanguage":"en-US","potentialAction":[{"@type":"ReadAction","target":["https:\/\/moulinofruits.com\/index.php\/elementor-1566\/"]}]},{"@type":"ImageObject","inLanguage":"en-US","@id":"https:\/\/moulinofruits.com\/index.php\/elementor-1566\/#primaryimage","url":"https:\/\/moulinofruits.com\/wp-content\/uploads\/2026\/04\/SorbetPaysan_Dordogne_MoulinOFruits_4Tiers_2.png","contentUrl":"https:\/\/moulinofruits.com\/wp-content\/uploads\/2026\/04\/SorbetPaysan_Dordogne_MoulinOFruits_4Tiers_2.png","width":907,"height":680},{"@type":"BreadcrumbList","@id":"https:\/\/moulinofruits.com\/index.php\/elementor-1566\/#breadcrumb","itemListElement":[{"@type":"ListItem","position":1,"name":"Accueil","item":"https:\/\/moulinofruits.com\/"},{"@type":"ListItem","position":2,"name":"Batonnets Glac\u00e9s"}]},{"@type":"WebSite","@id":"https:\/\/moulinofruits.com\/#website","url":"https:\/\/moulinofruits.com\/","name":"Moulin O&#039; Fruits","description":"Producteur de fruits &amp; Cr\u00e9ateur de saveurs","potentialAction":[{"@type":"SearchAction","target":{"@type":"EntryPoint","urlTemplate":"https:\/\/moulinofruits.com\/?s={search_term_string}"},"query-input":{"@type":"PropertyValueSpecification","valueRequired":true,"valueName":"search_term_string"}}],"inLanguage":"en-US"}]}},"_links":{"self":[{"href":"https:\/\/moulinofruits.com\/index.php\/wp-json\/wp\/v2\/pages\/1566","targetHints":{"allow":["GET"]}}],"collection":[{"href":"https:\/\/moulinofruits.com\/index.php\/wp-json\/wp\/v2\/pages"}],"about":[{"href":"https:\/\/moulinofruits.com\/index.php\/wp-json\/wp\/v2\/types\/page"}],"author":[{"embeddable":true,"href":"https:\/\/moulinofruits.com\/index.php\/wp-json\/wp\/v2\/users\/1"}],"replies":[{"embeddable":true,"href":"https:\/\/moulinofruits.com\/index.php\/wp-json\/wp\/v2\/comments?post=1566"}],"version-history":[{"count":34,"href":"https:\/\/moulinofruits.com\/index.php\/wp-json\/wp\/v2\/pages\/1566\/revisions"}],"predecessor-version":[{"id":1911,"href":"https:\/\/moulinofruits.com\/index.php\/wp-json\/wp\/v2\/pages\/1566\/revisions\/1911"}],"wp:attachment":[{"href":"https:\/\/moulinofruits.com\/index.php\/wp-json\/wp\/v2\/media?parent=1566"}],"curies":[{"name":"wp","href":"https:\/\/api.w.org\/{rel}","templated":true}]}}