{"id":1756,"date":"2025-11-16T23:32:34","date_gmt":"2025-11-16T22:32:34","guid":{"rendered":"https:\/\/moulinofruits.com\/?page_id=1756"},"modified":"2025-11-17T00:06:20","modified_gmt":"2025-11-16T23:06:20","slug":"drive-fermier","status":"publish","type":"page","link":"https:\/\/moulinofruits.com\/index.php\/drive-fermier\/","title":{"rendered":"Drive Fermier"},"content":{"rendered":"\t\t<div data-elementor-type=\"wp-page\" data-elementor-id=\"1756\" class=\"elementor elementor-1756\" data-elementor-post-type=\"page\">\n\t\t\t\t<div class=\"elementor-element elementor-element-9ae4ce7 e-flex e-con-boxed e-con e-parent\" data-id=\"9ae4ce7\" data-element_type=\"container\">\n\t\t\t\t\t<div class=\"e-con-inner\">\n\t\t<div class=\"elementor-element elementor-element-66c745d e-con-full e-flex e-con e-child\" data-id=\"66c745d\" data-element_type=\"container\">\n\t\t\t\t<div class=\"elementor-element elementor-element-e256fe4 elementor-widget elementor-widget-spacer\" data-id=\"e256fe4\" data-element_type=\"widget\" data-widget_type=\"spacer.default\">\n\t\t\t\t<div class=\"elementor-widget-container\">\n\t\t\t\t\t\t\t<div class=\"elementor-spacer\">\n\t\t\t<div class=\"elementor-spacer-inner\"><\/div>\n\t\t<\/div>\n\t\t\t\t\t\t<\/div>\n\t\t\t\t<\/div>\n\t\t\t\t<\/div>\n\t\t\t\t\t<\/div>\n\t\t\t\t<\/div>\n\t\t<div class=\"elementor-element elementor-element-bf7933b e-flex e-con-boxed e-con e-parent\" data-id=\"bf7933b\" data-element_type=\"container\">\n\t\t\t\t\t<div class=\"e-con-inner\">\n\t\t\t\t<div class=\"elementor-element elementor-element-80fca2c elementor-widget elementor-widget-heading\" data-id=\"80fca2c\" data-element_type=\"widget\" data-widget_type=\"heading.default\">\n\t\t\t\t<div class=\"elementor-widget-container\">\n\t\t\t\t\t<h2 class=\"elementor-heading-title elementor-size-default\">Drive Fermier Moulin O' Fruits<\/h2>\t\t\t\t<\/div>\n\t\t\t\t<\/div>\n\t\t\t\t<div class=\"elementor-element elementor-element-f9ab3e9 elementor-widget elementor-widget-text-editor\" data-id=\"f9ab3e9\" data-element_type=\"widget\" data-widget_type=\"text-editor.default\">\n\t\t\t\t<div class=\"elementor-widget-container\">\n\t\t\t\t\t\t\t\t\t<p><strong>R\u00e9servez vos produits sur notre Drive en ligne<\/strong> et r\u00e9cup\u00e9rez vos produits \u00e0 la ferme au cr\u00e9neau horaire d\u00e9fini. Attention nous n&#8217;avons<strong> pas de boutique sur place, seulement un retrait des commandes.<\/strong><\/p><p><b>Adresse :\u00a0<\/b><span style=\"color: var( --e-global-color-text ); background-color: var(--nv-site-bg); letter-spacing: var(--bodyletterspacing); text-transform: var(--bodytexttransform);\">146 route de Monsac &#8211;<\/span><span style=\"color: var( --e-global-color-text ); letter-spacing: var(--bodyletterspacing); text-transform: var(--bodytexttransform); background-color: var(--nv-site-bg);\">Lieu-Dit Le Moulin de la For\u00eat &#8211; 24150 LANQUAIS<\/span><\/p><p><b>Coordonn\u00e9es Gps :\u00a0<\/b><span style=\"color: var( --e-global-color-text ); background-color: var(--nv-site-bg); letter-spacing: var(--bodyletterspacing); text-transform: var(--bodytexttransform);\">Latitude : 44.813660 &#8211; Longitude : 0.672133<\/span><span style=\"color: var( --e-global-color-text ); letter-spacing: var(--bodyletterspacing); text-transform: var(--bodytexttransform); background-color: var(--nv-site-bg);\">\u00a0<\/span><\/p><p><b>T\u00e9l\u00e9phone :\u00a0<\/b><span style=\"color: var( --e-global-color-text ); background-color: var(--nv-site-bg); letter-spacing: var(--bodyletterspacing); text-transform: var(--bodytexttransform);\">06 61 97 28 56 &#8211; De pr\u00e9f\u00e9rence via WhatsApp. Le r\u00e9seau mobile \u00e9tant ici tr\u00e8s r\u00e9duit, les appels et sms ne passent pas toujours correctement.<\/span><\/p><p>Nous avons choisis la solution de <strong>Local Direct<\/strong> pour notre Drive Fermier. <strong>Vous pouvez y acc\u00e9der ci dessous ou <a href=\"https:\/\/www.local.bio\/producteur\/moulin-o-fruits\" target=\"_blank\" rel=\"noopener\">via ce lien<\/a>.<\/strong><\/p>\t\t\t\t\t\t\t\t<\/div>\n\t\t\t\t<\/div>\n\t\t\t\t<div class=\"elementor-element elementor-element-1296a39 elementor-widget elementor-widget-html\" data-id=\"1296a39\" data-element_type=\"widget\" data-widget_type=\"html.default\">\n\t\t\t\t<div class=\"elementor-widget-container\">\n\t\t\t\t\t<iframe src=\"https:\/\/www.local.direct\/moulin-o-fruits\" width=\"100%\" height=\"1000\" frameborder=\"0\"><\/iframe>\t\t\t\t<\/div>\n\t\t\t\t<\/div>\n\t\t\t\t\t<\/div>\n\t\t\t\t<\/div>\n\t\t\t\t<\/div>\n\t\t","protected":false},"excerpt":{"rendered":"<p>Drive Fermier Moulin O&#8217; Fruits R\u00e9servez vos produits sur notre Drive en ligne et r\u00e9cup\u00e9rez vos produits \u00e0 la ferme au cr\u00e9neau horaire d\u00e9fini. Attention nous n&#8217;avons pas de boutique sur place, seulement un retrait des commandes. Adresse :\u00a0146 route de Monsac -Lieu-Dit Le Moulin de la For\u00eat &#8211; 24150 LANQUAIS Coordonn\u00e9es Gps :\u00a0Latitude :&hellip;&nbsp;<a href=\"https:\/\/moulinofruits.com\/index.php\/drive-fermier\/\" class=\"\" rel=\"bookmark\">Read More &raquo;<span class=\"screen-reader-text\">Drive Fermier<\/span><\/a><\/p>\n","protected":false},"author":1,"featured_media":0,"parent":0,"menu_order":0,"comment_status":"closed","ping_status":"closed","template":"page-templates\/template-pagebuilder-full-width.php","meta":{"neve_meta_sidebar":"","neve_meta_container":"","neve_meta_enable_content_width":"","neve_meta_content_width":0,"neve_meta_title_alignment":"","neve_meta_author_avatar":"","neve_post_elements_order":"","neve_meta_disable_header":"","neve_meta_disable_footer":"","neve_meta_disable_title":"","footnotes":""},"class_list":["post-1756","page","type-page","status-publish","hentry"],"yoast_head":"<!-- This site is optimized with the Yoast SEO plugin v26.2 - https:\/\/yoast.com\/wordpress\/plugins\/seo\/ -->\n<title>Drive Fermier - Moulin O&#039; Fruits<\/title>\n<meta name=\"robots\" content=\"index, follow, max-snippet:-1, max-image-preview:large, max-video-preview:-1\" \/>\n<link rel=\"canonical\" href=\"https:\/\/moulinofruits.com\/index.php\/drive-fermier\/\" \/>\n<meta property=\"og:locale\" content=\"en_US\" \/>\n<meta property=\"og:type\" content=\"article\" \/>\n<meta property=\"og:title\" content=\"Drive Fermier - Moulin O&#039; Fruits\" \/>\n<meta property=\"og:description\" content=\"Drive Fermier Moulin O&#8217; Fruits R\u00e9servez vos produits sur notre Drive en ligne et r\u00e9cup\u00e9rez vos produits \u00e0 la ferme au cr\u00e9neau horaire d\u00e9fini. Attention nous n&#8217;avons pas de boutique sur place, seulement un retrait des commandes. Adresse :\u00a0146 route de Monsac -Lieu-Dit Le Moulin de la For\u00eat &#8211; 24150 LANQUAIS Coordonn\u00e9es Gps :\u00a0Latitude :&hellip;&nbsp;Read More &raquo;Drive Fermier\" \/>\n<meta property=\"og:url\" content=\"https:\/\/moulinofruits.com\/index.php\/drive-fermier\/\" \/>\n<meta property=\"og:site_name\" content=\"Moulin O&#039; Fruits\" \/>\n<meta property=\"article:modified_time\" content=\"2025-11-16T23:06:20+00:00\" \/>\n<meta name=\"twitter:card\" content=\"summary_large_image\" \/>\n<meta name=\"twitter:label1\" content=\"Est. reading time\" \/>\n\t<meta name=\"twitter:data1\" content=\"1 minute\" \/>\n<script type=\"application\/ld+json\" class=\"yoast-schema-graph\">{\"@context\":\"https:\/\/schema.org\",\"@graph\":[{\"@type\":\"WebPage\",\"@id\":\"https:\/\/moulinofruits.com\/index.php\/drive-fermier\/\",\"url\":\"https:\/\/moulinofruits.com\/index.php\/drive-fermier\/\",\"name\":\"Drive Fermier - Moulin O&#039; Fruits\",\"isPartOf\":{\"@id\":\"https:\/\/moulinofruits.com\/#website\"},\"datePublished\":\"2025-11-16T22:32:34+00:00\",\"dateModified\":\"2025-11-16T23:06:20+00:00\",\"breadcrumb\":{\"@id\":\"https:\/\/moulinofruits.com\/index.php\/drive-fermier\/#breadcrumb\"},\"inLanguage\":\"en-US\",\"potentialAction\":[{\"@type\":\"ReadAction\",\"target\":[\"https:\/\/moulinofruits.com\/index.php\/drive-fermier\/\"]}]},{\"@type\":\"BreadcrumbList\",\"@id\":\"https:\/\/moulinofruits.com\/index.php\/drive-fermier\/#breadcrumb\",\"itemListElement\":[{\"@type\":\"ListItem\",\"position\":1,\"name\":\"Accueil\",\"item\":\"https:\/\/moulinofruits.com\/\"},{\"@type\":\"ListItem\",\"position\":2,\"name\":\"Drive Fermier\"}]},{\"@type\":\"WebSite\",\"@id\":\"https:\/\/moulinofruits.com\/#website\",\"url\":\"https:\/\/moulinofruits.com\/\",\"name\":\"Moulin O&#039; Fruits\",\"description\":\"Producteur de fruits &amp; Cr\u00e9ateur de saveurs\",\"potentialAction\":[{\"@type\":\"SearchAction\",\"target\":{\"@type\":\"EntryPoint\",\"urlTemplate\":\"https:\/\/moulinofruits.com\/?s={search_term_string}\"},\"query-input\":{\"@type\":\"PropertyValueSpecification\",\"valueRequired\":true,\"valueName\":\"search_term_string\"}}],\"inLanguage\":\"en-US\"}]}<\/script>\n<!-- \/ Yoast SEO plugin. -->","yoast_head_json":{"title":"Drive Fermier - Moulin O&#039; Fruits","robots":{"index":"index","follow":"follow","max-snippet":"max-snippet:-1","max-image-preview":"max-image-preview:large","max-video-preview":"max-video-preview:-1"},"canonical":"https:\/\/moulinofruits.com\/index.php\/drive-fermier\/","og_locale":"en_US","og_type":"article","og_title":"Drive Fermier - Moulin O&#039; Fruits","og_description":"Drive Fermier Moulin O&#8217; Fruits R\u00e9servez vos produits sur notre Drive en ligne et r\u00e9cup\u00e9rez vos produits \u00e0 la ferme au cr\u00e9neau horaire d\u00e9fini. Attention nous n&#8217;avons pas de boutique sur place, seulement un retrait des commandes. Adresse :\u00a0146 route de Monsac -Lieu-Dit Le Moulin de la For\u00eat &#8211; 24150 LANQUAIS Coordonn\u00e9es Gps :\u00a0Latitude :&hellip;&nbsp;Read More &raquo;Drive Fermier","og_url":"https:\/\/moulinofruits.com\/index.php\/drive-fermier\/","og_site_name":"Moulin O&#039; Fruits","article_modified_time":"2025-11-16T23:06:20+00:00","twitter_card":"summary_large_image","twitter_misc":{"Est. reading time":"1 minute"},"schema":{"@context":"https:\/\/schema.org","@graph":[{"@type":"WebPage","@id":"https:\/\/moulinofruits.com\/index.php\/drive-fermier\/","url":"https:\/\/moulinofruits.com\/index.php\/drive-fermier\/","name":"Drive Fermier - Moulin O&#039; Fruits","isPartOf":{"@id":"https:\/\/moulinofruits.com\/#website"},"datePublished":"2025-11-16T22:32:34+00:00","dateModified":"2025-11-16T23:06:20+00:00","breadcrumb":{"@id":"https:\/\/moulinofruits.com\/index.php\/drive-fermier\/#breadcrumb"},"inLanguage":"en-US","potentialAction":[{"@type":"ReadAction","target":["https:\/\/moulinofruits.com\/index.php\/drive-fermier\/"]}]},{"@type":"BreadcrumbList","@id":"https:\/\/moulinofruits.com\/index.php\/drive-fermier\/#breadcrumb","itemListElement":[{"@type":"ListItem","position":1,"name":"Accueil","item":"https:\/\/moulinofruits.com\/"},{"@type":"ListItem","position":2,"name":"Drive Fermier"}]},{"@type":"WebSite","@id":"https:\/\/moulinofruits.com\/#website","url":"https:\/\/moulinofruits.com\/","name":"Moulin O&#039; Fruits","description":"Producteur de fruits &amp; Cr\u00e9ateur de saveurs","potentialAction":[{"@type":"SearchAction","target":{"@type":"EntryPoint","urlTemplate":"https:\/\/moulinofruits.com\/?s={search_term_string}"},"query-input":{"@type":"PropertyValueSpecification","valueRequired":true,"valueName":"search_term_string"}}],"inLanguage":"en-US"}]}},"_links":{"self":[{"href":"https:\/\/moulinofruits.com\/index.php\/wp-json\/wp\/v2\/pages\/1756","targetHints":{"allow":["GET"]}}],"collection":[{"href":"https:\/\/moulinofruits.com\/index.php\/wp-json\/wp\/v2\/pages"}],"about":[{"href":"https:\/\/moulinofruits.com\/index.php\/wp-json\/wp\/v2\/types\/page"}],"author":[{"embeddable":true,"href":"https:\/\/moulinofruits.com\/index.php\/wp-json\/wp\/v2\/users\/1"}],"replies":[{"embeddable":true,"href":"https:\/\/moulinofruits.com\/index.php\/wp-json\/wp\/v2\/comments?post=1756"}],"version-history":[{"count":13,"href":"https:\/\/moulinofruits.com\/index.php\/wp-json\/wp\/v2\/pages\/1756\/revisions"}],"predecessor-version":[{"id":1844,"href":"https:\/\/moulinofruits.com\/index.php\/wp-json\/wp\/v2\/pages\/1756\/revisions\/1844"}],"wp:attachment":[{"href":"https:\/\/moulinofruits.com\/index.php\/wp-json\/wp\/v2\/media?parent=1756"}],"curies":[{"name":"wp","href":"https:\/\/api.w.org\/{rel}","templated":true}]}}