{"id":50,"date":"2024-05-14T14:25:34","date_gmt":"2024-05-14T12:25:34","guid":{"rendered":"https:\/\/moulinofruits.com\/?page_id=50"},"modified":"2026-03-18T12:16:41","modified_gmt":"2026-03-18T11:16:41","slug":"confiture","status":"publish","type":"page","link":"https:\/\/moulinofruits.com\/index.php\/confiture\/","title":{"rendered":"Confitures"},"content":{"rendered":"\t\t<div data-elementor-type=\"wp-page\" data-elementor-id=\"50\" class=\"elementor elementor-50\" data-elementor-post-type=\"page\">\n\t\t\t\t<div class=\"elementor-element elementor-element-e0f4a44 e-flex e-con-boxed e-con e-parent\" data-id=\"e0f4a44\" data-element_type=\"container\">\n\t\t\t\t\t<div class=\"e-con-inner\">\n\t\t\t\t<div class=\"elementor-element elementor-element-bbf1df2 elementor-widget elementor-widget-spacer\" data-id=\"bbf1df2\" data-element_type=\"widget\" data-widget_type=\"spacer.default\">\n\t\t\t\t<div class=\"elementor-widget-container\">\n\t\t\t\t\t\t\t<div class=\"elementor-spacer\">\n\t\t\t<div class=\"elementor-spacer-inner\"><\/div>\n\t\t<\/div>\n\t\t\t\t\t\t<\/div>\n\t\t\t\t<\/div>\n\t\t<div class=\"elementor-element elementor-element-6fa98a6 e-flex e-con-boxed e-con e-child\" data-id=\"6fa98a6\" data-element_type=\"container\">\n\t\t\t\t\t<div class=\"e-con-inner\">\n\t\t\t\t<div class=\"elementor-element elementor-element-408bd12 elementor-widget elementor-widget-heading\" data-id=\"408bd12\" data-element_type=\"widget\" data-widget_type=\"heading.default\">\n\t\t\t\t<div class=\"elementor-widget-container\">\n\t\t\t\t\t<h2 class=\"elementor-heading-title elementor-size-default\">Les Confitures du Moulin O' Fruits<\/h2>\t\t\t\t<\/div>\n\t\t\t\t<\/div>\n\t\t\t\t\t<\/div>\n\t\t\t\t<\/div>\n\t\t\t\t<div class=\"elementor-element elementor-element-196eb46 elementor-widget elementor-widget-text-editor\" data-id=\"196eb46\" data-element_type=\"widget\" data-widget_type=\"text-editor.default\">\n\t\t\t\t<div class=\"elementor-widget-container\">\n\t\t\t\t\t\t\t\t\t<p>Au Moulin O&#8217; Fruits, nous avons imagin\u00e9 une gamme de confitures bio &amp; paysannes dont les fruits proviennent exclusivement de notre exploitation et 100 % certifi\u00e9es Bio :<\/p><ul><li>Confiture Fraise<\/li><li>Confiture Framboise<\/li><li>Confiture M\u00fbre (sans p\u00e9pin)<\/li><li>Confiture Cassis (sans p\u00e9pin)<\/li><li>Confiture Groseille (sans p\u00e9pins)<\/li><li>Confiture Tayberry Loganberry (hybride framboise et m\u00fbre)<\/li><li>Confiture Fruits des Bois (sans p\u00e9pin)<\/li><li>Confiture Fruits Rouges ( sans p\u00e9pin)<\/li><li>Confiture Mirabelle<\/li><li>Confiture Rhubarbe<\/li><li>Confiture Feijoa<\/li><li>D\u00e9lice de Fleurs de Pissenlit (Alternative Vegan au Miel)<\/li><li>&#8230;.<\/li><\/ul><div>\u00a0<\/div><p>Retrouvez nos confitures <b>\u00e0 la ferme, sur nos march\u00e9s ou chez nos partenaires &gt;&gt;&gt; <strong><a href=\"https:\/\/moulinofruits.com\/index.php\/ou-trouver-nos-produits\/\" target=\"_blank\" rel=\"noopener\">O\u00f9 nous trouver ?<\/a><\/strong><\/b><\/p><p>Pour d\u00e9couvrir nos confitures <strong>dispos en ce moment \u00e0 la ferme<\/strong> &gt;&gt;&gt; <strong><a href=\"https:\/\/moulinofruits.com\/index.php\/drive-fermier\/\" target=\"_blank\" rel=\"noopener\">R\u00e9servez via notre Drive Fermier<\/a><\/strong><\/p>\t\t\t\t\t\t\t\t<\/div>\n\t\t\t\t<\/div>\n\t\t\t\t<div class=\"elementor-element elementor-element-83ebe5b elementor-widget elementor-widget-image\" data-id=\"83ebe5b\" data-element_type=\"widget\" data-widget_type=\"image.default\">\n\t\t\t\t<div class=\"elementor-widget-container\">\n\t\t\t\t\t\t\t\t\t\t\t\t\t\t\t<img fetchpriority=\"high\" decoding=\"async\" width=\"768\" height=\"576\" src=\"https:\/\/moulinofruits.com\/wp-content\/uploads\/2024\/05\/Confitures-Artisanales_Dordogne_MoulinOfruits_4Tiers-768x576.jpg\" class=\"attachment-medium_large size-medium_large wp-image-178\" alt=\"\" srcset=\"https:\/\/moulinofruits.com\/wp-content\/uploads\/2024\/05\/Confitures-Artisanales_Dordogne_MoulinOfruits_4Tiers-768x576.jpg 768w, https:\/\/moulinofruits.com\/wp-content\/uploads\/2024\/05\/Confitures-Artisanales_Dordogne_MoulinOfruits_4Tiers-300x225.jpg 300w, https:\/\/moulinofruits.com\/wp-content\/uploads\/2024\/05\/Confitures-Artisanales_Dordogne_MoulinOfruits_4Tiers-1024x768.jpg 1024w, https:\/\/moulinofruits.com\/wp-content\/uploads\/2024\/05\/Confitures-Artisanales_Dordogne_MoulinOfruits_4Tiers-1536x1152.jpg 1536w, https:\/\/moulinofruits.com\/wp-content\/uploads\/2024\/05\/Confitures-Artisanales_Dordogne_MoulinOfruits_4Tiers.jpg 1920w\" sizes=\"(max-width: 768px) 100vw, 768px\" \/>\t\t\t\t\t\t\t\t\t\t\t\t\t\t\t<\/div>\n\t\t\t\t<\/div>\n\t\t\t\t\t<\/div>\n\t\t\t\t<\/div>\n\t\t<div class=\"elementor-element elementor-element-6ab5044 e-flex e-con-boxed e-con e-parent\" data-id=\"6ab5044\" data-element_type=\"container\">\n\t\t\t\t\t<div class=\"e-con-inner\">\n\t\t\t\t<div class=\"elementor-element elementor-element-17d476f elementor-widget elementor-widget-spacer\" data-id=\"17d476f\" data-element_type=\"widget\" data-widget_type=\"spacer.default\">\n\t\t\t\t<div class=\"elementor-widget-container\">\n\t\t\t\t\t\t\t<div class=\"elementor-spacer\">\n\t\t\t<div class=\"elementor-spacer-inner\"><\/div>\n\t\t<\/div>\n\t\t\t\t\t\t<\/div>\n\t\t\t\t<\/div>\n\t\t\t\t\t<\/div>\n\t\t\t\t<\/div>\n\t\t\t\t<\/div>\n\t\t","protected":false},"excerpt":{"rendered":"<p>Les Confitures du Moulin O&#8217; Fruits Au Moulin O&#8217; Fruits, nous avons imagin\u00e9 une gamme de confitures bio &amp; paysannes dont les fruits proviennent exclusivement de notre exploitation et 100 % certifi\u00e9es Bio : Confiture Fraise Confiture Framboise Confiture M\u00fbre (sans p\u00e9pin) Confiture Cassis (sans p\u00e9pin) Confiture Groseille (sans p\u00e9pins) Confiture Tayberry Loganberry (hybride framboise&hellip;&nbsp;<a href=\"https:\/\/moulinofruits.com\/index.php\/confiture\/\" class=\"\" rel=\"bookmark\">Read More &raquo;<span class=\"screen-reader-text\">Confitures<\/span><\/a><\/p>\n","protected":false},"author":1,"featured_media":0,"parent":0,"menu_order":0,"comment_status":"closed","ping_status":"closed","template":"page-templates\/template-pagebuilder-full-width.php","meta":{"neve_meta_sidebar":"","neve_meta_container":"","neve_meta_enable_content_width":"","neve_meta_content_width":0,"neve_meta_title_alignment":"","neve_meta_author_avatar":"","neve_post_elements_order":"","neve_meta_disable_header":"","neve_meta_disable_footer":"","neve_meta_disable_title":"","footnotes":""},"class_list":["post-50","page","type-page","status-publish","hentry"],"yoast_head":"<!-- This site is optimized with the Yoast SEO plugin v26.2 - https:\/\/yoast.com\/wordpress\/plugins\/seo\/ -->\n<title>Confitures - Moulin O&#039; Fruits<\/title>\n<meta name=\"description\" content=\"D\u00e9couvrez notre gamme de confitures bio &amp; paysannes dont les fruits proviennent exclusivement de notre exploitation\" \/>\n<meta name=\"robots\" content=\"index, follow, max-snippet:-1, max-image-preview:large, max-video-preview:-1\" \/>\n<link rel=\"canonical\" href=\"https:\/\/moulinofruits.com\/index.php\/confiture\/\" \/>\n<meta property=\"og:locale\" content=\"en_US\" \/>\n<meta property=\"og:type\" content=\"article\" \/>\n<meta property=\"og:title\" content=\"Confitures - Moulin O&#039; Fruits\" \/>\n<meta property=\"og:description\" content=\"D\u00e9couvrez notre gamme de confitures bio &amp; paysannes dont les fruits proviennent exclusivement de notre exploitation\" \/>\n<meta property=\"og:url\" content=\"https:\/\/moulinofruits.com\/index.php\/confiture\/\" \/>\n<meta property=\"og:site_name\" content=\"Moulin O&#039; Fruits\" \/>\n<meta property=\"article:modified_time\" content=\"2026-03-18T11:16:41+00:00\" \/>\n<meta property=\"og:image\" content=\"https:\/\/moulinofruits.com\/wp-content\/uploads\/2024\/05\/Confitures-Artisanales_Dordogne_MoulinOfruits_4Tiers.jpg\" \/>\n\t<meta property=\"og:image:width\" content=\"1920\" \/>\n\t<meta property=\"og:image:height\" content=\"1440\" \/>\n\t<meta property=\"og:image:type\" content=\"image\/jpeg\" \/>\n<meta name=\"twitter:card\" content=\"summary_large_image\" \/>\n<meta name=\"twitter:label1\" content=\"Est. reading time\" \/>\n\t<meta name=\"twitter:data1\" content=\"1 minute\" \/>\n<script type=\"application\/ld+json\" class=\"yoast-schema-graph\">{\"@context\":\"https:\/\/schema.org\",\"@graph\":[{\"@type\":\"WebPage\",\"@id\":\"https:\/\/moulinofruits.com\/index.php\/confiture\/\",\"url\":\"https:\/\/moulinofruits.com\/index.php\/confiture\/\",\"name\":\"Confitures - Moulin O&#039; Fruits\",\"isPartOf\":{\"@id\":\"https:\/\/moulinofruits.com\/#website\"},\"primaryImageOfPage\":{\"@id\":\"https:\/\/moulinofruits.com\/index.php\/confiture\/#primaryimage\"},\"image\":{\"@id\":\"https:\/\/moulinofruits.com\/index.php\/confiture\/#primaryimage\"},\"thumbnailUrl\":\"https:\/\/moulinofruits.com\/wp-content\/uploads\/2024\/05\/Confitures-Artisanales_Dordogne_MoulinOfruits_4Tiers-768x576.jpg\",\"datePublished\":\"2024-05-14T12:25:34+00:00\",\"dateModified\":\"2026-03-18T11:16:41+00:00\",\"description\":\"D\u00e9couvrez notre gamme de confitures bio & paysannes dont les fruits proviennent exclusivement de notre exploitation\",\"breadcrumb\":{\"@id\":\"https:\/\/moulinofruits.com\/index.php\/confiture\/#breadcrumb\"},\"inLanguage\":\"en-US\",\"potentialAction\":[{\"@type\":\"ReadAction\",\"target\":[\"https:\/\/moulinofruits.com\/index.php\/confiture\/\"]}]},{\"@type\":\"ImageObject\",\"inLanguage\":\"en-US\",\"@id\":\"https:\/\/moulinofruits.com\/index.php\/confiture\/#primaryimage\",\"url\":\"https:\/\/moulinofruits.com\/wp-content\/uploads\/2024\/05\/Confitures-Artisanales_Dordogne_MoulinOfruits_4Tiers.jpg\",\"contentUrl\":\"https:\/\/moulinofruits.com\/wp-content\/uploads\/2024\/05\/Confitures-Artisanales_Dordogne_MoulinOfruits_4Tiers.jpg\",\"width\":1920,\"height\":1440},{\"@type\":\"BreadcrumbList\",\"@id\":\"https:\/\/moulinofruits.com\/index.php\/confiture\/#breadcrumb\",\"itemListElement\":[{\"@type\":\"ListItem\",\"position\":1,\"name\":\"Accueil\",\"item\":\"https:\/\/moulinofruits.com\/\"},{\"@type\":\"ListItem\",\"position\":2,\"name\":\"Confitures\"}]},{\"@type\":\"WebSite\",\"@id\":\"https:\/\/moulinofruits.com\/#website\",\"url\":\"https:\/\/moulinofruits.com\/\",\"name\":\"Moulin O&#039; Fruits\",\"description\":\"Producteur de fruits &amp; Cr\u00e9ateur de saveurs\",\"potentialAction\":[{\"@type\":\"SearchAction\",\"target\":{\"@type\":\"EntryPoint\",\"urlTemplate\":\"https:\/\/moulinofruits.com\/?s={search_term_string}\"},\"query-input\":{\"@type\":\"PropertyValueSpecification\",\"valueRequired\":true,\"valueName\":\"search_term_string\"}}],\"inLanguage\":\"en-US\"}]}<\/script>\n<!-- \/ Yoast SEO plugin. -->","yoast_head_json":{"title":"Confitures - Moulin O&#039; Fruits","description":"D\u00e9couvrez notre gamme de confitures bio & paysannes dont les fruits proviennent exclusivement de notre exploitation","robots":{"index":"index","follow":"follow","max-snippet":"max-snippet:-1","max-image-preview":"max-image-preview:large","max-video-preview":"max-video-preview:-1"},"canonical":"https:\/\/moulinofruits.com\/index.php\/confiture\/","og_locale":"en_US","og_type":"article","og_title":"Confitures - Moulin O&#039; Fruits","og_description":"D\u00e9couvrez notre gamme de confitures bio & paysannes dont les fruits proviennent exclusivement de notre exploitation","og_url":"https:\/\/moulinofruits.com\/index.php\/confiture\/","og_site_name":"Moulin O&#039; Fruits","article_modified_time":"2026-03-18T11:16:41+00:00","og_image":[{"width":1920,"height":1440,"url":"https:\/\/moulinofruits.com\/wp-content\/uploads\/2024\/05\/Confitures-Artisanales_Dordogne_MoulinOfruits_4Tiers.jpg","type":"image\/jpeg"}],"twitter_card":"summary_large_image","twitter_misc":{"Est. reading time":"1 minute"},"schema":{"@context":"https:\/\/schema.org","@graph":[{"@type":"WebPage","@id":"https:\/\/moulinofruits.com\/index.php\/confiture\/","url":"https:\/\/moulinofruits.com\/index.php\/confiture\/","name":"Confitures - Moulin O&#039; Fruits","isPartOf":{"@id":"https:\/\/moulinofruits.com\/#website"},"primaryImageOfPage":{"@id":"https:\/\/moulinofruits.com\/index.php\/confiture\/#primaryimage"},"image":{"@id":"https:\/\/moulinofruits.com\/index.php\/confiture\/#primaryimage"},"thumbnailUrl":"https:\/\/moulinofruits.com\/wp-content\/uploads\/2024\/05\/Confitures-Artisanales_Dordogne_MoulinOfruits_4Tiers-768x576.jpg","datePublished":"2024-05-14T12:25:34+00:00","dateModified":"2026-03-18T11:16:41+00:00","description":"D\u00e9couvrez notre gamme de confitures bio & paysannes dont les fruits proviennent exclusivement de notre exploitation","breadcrumb":{"@id":"https:\/\/moulinofruits.com\/index.php\/confiture\/#breadcrumb"},"inLanguage":"en-US","potentialAction":[{"@type":"ReadAction","target":["https:\/\/moulinofruits.com\/index.php\/confiture\/"]}]},{"@type":"ImageObject","inLanguage":"en-US","@id":"https:\/\/moulinofruits.com\/index.php\/confiture\/#primaryimage","url":"https:\/\/moulinofruits.com\/wp-content\/uploads\/2024\/05\/Confitures-Artisanales_Dordogne_MoulinOfruits_4Tiers.jpg","contentUrl":"https:\/\/moulinofruits.com\/wp-content\/uploads\/2024\/05\/Confitures-Artisanales_Dordogne_MoulinOfruits_4Tiers.jpg","width":1920,"height":1440},{"@type":"BreadcrumbList","@id":"https:\/\/moulinofruits.com\/index.php\/confiture\/#breadcrumb","itemListElement":[{"@type":"ListItem","position":1,"name":"Accueil","item":"https:\/\/moulinofruits.com\/"},{"@type":"ListItem","position":2,"name":"Confitures"}]},{"@type":"WebSite","@id":"https:\/\/moulinofruits.com\/#website","url":"https:\/\/moulinofruits.com\/","name":"Moulin O&#039; Fruits","description":"Producteur de fruits &amp; Cr\u00e9ateur de saveurs","potentialAction":[{"@type":"SearchAction","target":{"@type":"EntryPoint","urlTemplate":"https:\/\/moulinofruits.com\/?s={search_term_string}"},"query-input":{"@type":"PropertyValueSpecification","valueRequired":true,"valueName":"search_term_string"}}],"inLanguage":"en-US"}]}},"_links":{"self":[{"href":"https:\/\/moulinofruits.com\/index.php\/wp-json\/wp\/v2\/pages\/50","targetHints":{"allow":["GET"]}}],"collection":[{"href":"https:\/\/moulinofruits.com\/index.php\/wp-json\/wp\/v2\/pages"}],"about":[{"href":"https:\/\/moulinofruits.com\/index.php\/wp-json\/wp\/v2\/types\/page"}],"author":[{"embeddable":true,"href":"https:\/\/moulinofruits.com\/index.php\/wp-json\/wp\/v2\/users\/1"}],"replies":[{"embeddable":true,"href":"https:\/\/moulinofruits.com\/index.php\/wp-json\/wp\/v2\/comments?post=50"}],"version-history":[{"count":62,"href":"https:\/\/moulinofruits.com\/index.php\/wp-json\/wp\/v2\/pages\/50\/revisions"}],"predecessor-version":[{"id":1899,"href":"https:\/\/moulinofruits.com\/index.php\/wp-json\/wp\/v2\/pages\/50\/revisions\/1899"}],"wp:attachment":[{"href":"https:\/\/moulinofruits.com\/index.php\/wp-json\/wp\/v2\/media?parent=50"}],"curies":[{"name":"wp","href":"https:\/\/api.w.org\/{rel}","templated":true}]}}