{"id":522,"date":"2024-12-26T18:27:41","date_gmt":"2024-12-26T17:27:41","guid":{"rendered":"https:\/\/moulinofruits.com\/?page_id=522"},"modified":"2025-10-31T12:15:13","modified_gmt":"2025-10-31T11:15:13","slug":"desserts-fruites","status":"publish","type":"page","link":"https:\/\/moulinofruits.com\/index.php\/desserts-fruites\/","title":{"rendered":"Desserts fruit\u00e9s"},"content":{"rendered":"\t\t<div data-elementor-type=\"wp-page\" data-elementor-id=\"522\" class=\"elementor elementor-522\" data-elementor-post-type=\"page\">\n\t\t\t\t<div class=\"elementor-element elementor-element-24bf920 e-flex e-con-boxed e-con e-parent\" data-id=\"24bf920\" data-element_type=\"container\">\n\t\t\t\t\t<div class=\"e-con-inner\">\n\t\t\t\t<div class=\"elementor-element elementor-element-ec154d1 elementor-widget elementor-widget-spacer\" data-id=\"ec154d1\" data-element_type=\"widget\" data-widget_type=\"spacer.default\">\n\t\t\t\t<div class=\"elementor-widget-container\">\n\t\t\t\t\t\t\t<div class=\"elementor-spacer\">\n\t\t\t<div class=\"elementor-spacer-inner\"><\/div>\n\t\t<\/div>\n\t\t\t\t\t\t<\/div>\n\t\t\t\t<\/div>\n\t\t<div class=\"elementor-element elementor-element-17dfd3b e-flex e-con-boxed e-con e-child\" data-id=\"17dfd3b\" data-element_type=\"container\">\n\t\t\t\t\t<div class=\"e-con-inner\">\n\t\t\t\t<div class=\"elementor-element elementor-element-2f6305a elementor-widget elementor-widget-heading\" data-id=\"2f6305a\" data-element_type=\"widget\" data-widget_type=\"heading.default\">\n\t\t\t\t<div class=\"elementor-widget-container\">\n\t\t\t\t\t<h2 class=\"elementor-heading-title elementor-size-default\">Les Desserts Fruit\u00e9s du Moulin O' Fruits<\/h2>\t\t\t\t<\/div>\n\t\t\t\t<\/div>\n\t\t\t\t\t<\/div>\n\t\t\t\t<\/div>\n\t\t\t\t<div class=\"elementor-element elementor-element-1622345 elementor-widget elementor-widget-text-editor\" data-id=\"1622345\" data-element_type=\"widget\" data-widget_type=\"text-editor.default\">\n\t\t\t\t<div class=\"elementor-widget-container\">\n\t\t\t\t\t\t\t\t\t<p>Au Moulin O&#8217; Fruits, nous avons imagin\u00e9 une gamme de desserts bio &amp; paysans dont les fruits et plantes proviennent exclusivement de notre exploitation et \u00a0100 % certifi\u00e9s Bio :<\/p><ul><li>Salades de petits fruits<\/li><li>P\u00e2tisseries aux fruits et\/ ou plantes de l&#8217;exploitation<\/li><\/ul><div>\u00a0<\/div><p>Retrouvez nos desserts fruit\u00e9s essentiellement <b>sur les march\u00e9s gourmands nocturnes en saison et sur quelques march\u00e9s traditionnels &gt;&gt;&gt; <strong><a href=\"https:\/\/moulinofruits.com\/index.php\/ou-trouver-nos-produits\/\" target=\"_blank\" rel=\"noopener\">O\u00f9 nous trouver ?<\/a><\/strong><\/b><\/p>\t\t\t\t\t\t\t\t<\/div>\n\t\t\t\t<\/div>\n\t\t<div class=\"elementor-element elementor-element-fbae87c e-grid e-con-boxed e-con e-child\" data-id=\"fbae87c\" data-element_type=\"container\">\n\t\t\t\t\t<div class=\"e-con-inner\">\n\t\t\t\t<div class=\"elementor-element elementor-element-2c06aac elementor-widget elementor-widget-image\" data-id=\"2c06aac\" data-element_type=\"widget\" data-widget_type=\"image.default\">\n\t\t\t\t<div class=\"elementor-widget-container\">\n\t\t\t\t\t\t\t\t\t\t\t\t\t\t\t<img fetchpriority=\"high\" decoding=\"async\" width=\"1024\" height=\"768\" src=\"https:\/\/moulinofruits.com\/wp-content\/uploads\/2025\/02\/SaladeDeFruitsRouges_Dordogne_MoulinOFruits_4Tiers-1024x768.jpg\" class=\"attachment-large size-large wp-image-908\" alt=\"\" srcset=\"https:\/\/moulinofruits.com\/wp-content\/uploads\/2025\/02\/SaladeDeFruitsRouges_Dordogne_MoulinOFruits_4Tiers-1024x768.jpg 1024w, https:\/\/moulinofruits.com\/wp-content\/uploads\/2025\/02\/SaladeDeFruitsRouges_Dordogne_MoulinOFruits_4Tiers-300x225.jpg 300w, https:\/\/moulinofruits.com\/wp-content\/uploads\/2025\/02\/SaladeDeFruitsRouges_Dordogne_MoulinOFruits_4Tiers-768x576.jpg 768w, https:\/\/moulinofruits.com\/wp-content\/uploads\/2025\/02\/SaladeDeFruitsRouges_Dordogne_MoulinOFruits_4Tiers-1536x1152.jpg 1536w, https:\/\/moulinofruits.com\/wp-content\/uploads\/2025\/02\/SaladeDeFruitsRouges_Dordogne_MoulinOFruits_4Tiers-2048x1536.jpg 2048w\" sizes=\"(max-width: 1024px) 100vw, 1024px\" \/>\t\t\t\t\t\t\t\t\t\t\t\t\t\t\t<\/div>\n\t\t\t\t<\/div>\n\t\t\t\t<div class=\"elementor-element elementor-element-682bb02 elementor-widget elementor-widget-image\" data-id=\"682bb02\" data-element_type=\"widget\" data-widget_type=\"image.default\">\n\t\t\t\t<div class=\"elementor-widget-container\">\n\t\t\t\t\t\t\t\t\t\t\t\t\t\t\t<img decoding=\"async\" width=\"1024\" height=\"768\" src=\"https:\/\/moulinofruits.com\/wp-content\/uploads\/2025\/02\/Moelleux_Fruits_Rouges_Dordogne_MoulinOFruits_4Tiers-1024x768.jpg\" class=\"attachment-large size-large wp-image-910\" alt=\"\" srcset=\"https:\/\/moulinofruits.com\/wp-content\/uploads\/2025\/02\/Moelleux_Fruits_Rouges_Dordogne_MoulinOFruits_4Tiers-1024x768.jpg 1024w, https:\/\/moulinofruits.com\/wp-content\/uploads\/2025\/02\/Moelleux_Fruits_Rouges_Dordogne_MoulinOFruits_4Tiers-300x225.jpg 300w, https:\/\/moulinofruits.com\/wp-content\/uploads\/2025\/02\/Moelleux_Fruits_Rouges_Dordogne_MoulinOFruits_4Tiers-768x576.jpg 768w, https:\/\/moulinofruits.com\/wp-content\/uploads\/2025\/02\/Moelleux_Fruits_Rouges_Dordogne_MoulinOFruits_4Tiers-1536x1152.jpg 1536w, https:\/\/moulinofruits.com\/wp-content\/uploads\/2025\/02\/Moelleux_Fruits_Rouges_Dordogne_MoulinOFruits_4Tiers-2048x1536.jpg 2048w\" sizes=\"(max-width: 1024px) 100vw, 1024px\" \/>\t\t\t\t\t\t\t\t\t\t\t\t\t\t\t<\/div>\n\t\t\t\t<\/div>\n\t\t\t\t<div class=\"elementor-element elementor-element-ba69e8d elementor-widget elementor-widget-image\" data-id=\"ba69e8d\" data-element_type=\"widget\" data-widget_type=\"image.default\">\n\t\t\t\t<div class=\"elementor-widget-container\">\n\t\t\t\t\t\t\t\t\t\t\t\t\t\t\t<img decoding=\"async\" width=\"1024\" height=\"768\" src=\"https:\/\/moulinofruits.com\/wp-content\/uploads\/2025\/03\/CakedeMonsieur_Dordogne_MoulinOFruits_4Tiers-1024x768.jpg\" class=\"attachment-large size-large wp-image-992\" alt=\"\" srcset=\"https:\/\/moulinofruits.com\/wp-content\/uploads\/2025\/03\/CakedeMonsieur_Dordogne_MoulinOFruits_4Tiers-1024x768.jpg 1024w, https:\/\/moulinofruits.com\/wp-content\/uploads\/2025\/03\/CakedeMonsieur_Dordogne_MoulinOFruits_4Tiers-300x225.jpg 300w, https:\/\/moulinofruits.com\/wp-content\/uploads\/2025\/03\/CakedeMonsieur_Dordogne_MoulinOFruits_4Tiers-768x576.jpg 768w, https:\/\/moulinofruits.com\/wp-content\/uploads\/2025\/03\/CakedeMonsieur_Dordogne_MoulinOFruits_4Tiers-1536x1152.jpg 1536w, https:\/\/moulinofruits.com\/wp-content\/uploads\/2025\/03\/CakedeMonsieur_Dordogne_MoulinOFruits_4Tiers-2048x1536.jpg 2048w\" sizes=\"(max-width: 1024px) 100vw, 1024px\" \/>\t\t\t\t\t\t\t\t\t\t\t\t\t\t\t<\/div>\n\t\t\t\t<\/div>\n\t\t\t\t<div class=\"elementor-element elementor-element-177c6c5 elementor-widget elementor-widget-image\" data-id=\"177c6c5\" data-element_type=\"widget\" data-widget_type=\"image.default\">\n\t\t\t\t<div class=\"elementor-widget-container\">\n\t\t\t\t\t\t\t\t\t\t\t\t\t\t\t<img loading=\"lazy\" decoding=\"async\" width=\"1024\" height=\"768\" src=\"https:\/\/moulinofruits.com\/wp-content\/uploads\/2025\/03\/CakedeMadame_Dordogne_MoulinOFruits_4Tiers-1024x768.jpg\" class=\"attachment-large size-large wp-image-991\" alt=\"\" srcset=\"https:\/\/moulinofruits.com\/wp-content\/uploads\/2025\/03\/CakedeMadame_Dordogne_MoulinOFruits_4Tiers-1024x768.jpg 1024w, https:\/\/moulinofruits.com\/wp-content\/uploads\/2025\/03\/CakedeMadame_Dordogne_MoulinOFruits_4Tiers-300x225.jpg 300w, https:\/\/moulinofruits.com\/wp-content\/uploads\/2025\/03\/CakedeMadame_Dordogne_MoulinOFruits_4Tiers-768x576.jpg 768w, https:\/\/moulinofruits.com\/wp-content\/uploads\/2025\/03\/CakedeMadame_Dordogne_MoulinOFruits_4Tiers-1536x1152.jpg 1536w, https:\/\/moulinofruits.com\/wp-content\/uploads\/2025\/03\/CakedeMadame_Dordogne_MoulinOFruits_4Tiers-2048x1536.jpg 2048w\" sizes=\"(max-width: 1024px) 100vw, 1024px\" \/>\t\t\t\t\t\t\t\t\t\t\t\t\t\t\t<\/div>\n\t\t\t\t<\/div>\n\t\t\t\t<div class=\"elementor-element elementor-element-53ffd24 elementor-widget elementor-widget-image\" data-id=\"53ffd24\" data-element_type=\"widget\" data-widget_type=\"image.default\">\n\t\t\t\t<div class=\"elementor-widget-container\">\n\t\t\t\t\t\t\t\t\t\t\t\t\t\t\t<img loading=\"lazy\" decoding=\"async\" width=\"1024\" height=\"768\" src=\"https:\/\/moulinofruits.com\/wp-content\/uploads\/2025\/03\/TartesFruitsRouges_Dordogne_MoulinOFruits_4Tiers-1024x768.jpg\" class=\"attachment-large size-large wp-image-990\" alt=\"\" srcset=\"https:\/\/moulinofruits.com\/wp-content\/uploads\/2025\/03\/TartesFruitsRouges_Dordogne_MoulinOFruits_4Tiers-1024x768.jpg 1024w, https:\/\/moulinofruits.com\/wp-content\/uploads\/2025\/03\/TartesFruitsRouges_Dordogne_MoulinOFruits_4Tiers-300x225.jpg 300w, https:\/\/moulinofruits.com\/wp-content\/uploads\/2025\/03\/TartesFruitsRouges_Dordogne_MoulinOFruits_4Tiers-768x576.jpg 768w, https:\/\/moulinofruits.com\/wp-content\/uploads\/2025\/03\/TartesFruitsRouges_Dordogne_MoulinOFruits_4Tiers-1536x1152.jpg 1536w, https:\/\/moulinofruits.com\/wp-content\/uploads\/2025\/03\/TartesFruitsRouges_Dordogne_MoulinOFruits_4Tiers.jpg 1976w\" sizes=\"(max-width: 1024px) 100vw, 1024px\" \/>\t\t\t\t\t\t\t\t\t\t\t\t\t\t\t<\/div>\n\t\t\t\t<\/div>\n\t\t\t\t<div class=\"elementor-element elementor-element-bc9e819 elementor-widget elementor-widget-image\" data-id=\"bc9e819\" data-element_type=\"widget\" data-widget_type=\"image.default\">\n\t\t\t\t<div class=\"elementor-widget-container\">\n\t\t\t\t\t\t\t\t\t\t\t\t\t\t\t<img loading=\"lazy\" decoding=\"async\" width=\"1024\" height=\"768\" src=\"https:\/\/moulinofruits.com\/wp-content\/uploads\/2025\/03\/CakedeMadame_Dordogne_MoulinOFruits_4Tiers-1024x768.jpg\" class=\"attachment-large size-large wp-image-991\" alt=\"\" srcset=\"https:\/\/moulinofruits.com\/wp-content\/uploads\/2025\/03\/CakedeMadame_Dordogne_MoulinOFruits_4Tiers-1024x768.jpg 1024w, https:\/\/moulinofruits.com\/wp-content\/uploads\/2025\/03\/CakedeMadame_Dordogne_MoulinOFruits_4Tiers-300x225.jpg 300w, https:\/\/moulinofruits.com\/wp-content\/uploads\/2025\/03\/CakedeMadame_Dordogne_MoulinOFruits_4Tiers-768x576.jpg 768w, https:\/\/moulinofruits.com\/wp-content\/uploads\/2025\/03\/CakedeMadame_Dordogne_MoulinOFruits_4Tiers-1536x1152.jpg 1536w, https:\/\/moulinofruits.com\/wp-content\/uploads\/2025\/03\/CakedeMadame_Dordogne_MoulinOFruits_4Tiers-2048x1536.jpg 2048w\" sizes=\"(max-width: 1024px) 100vw, 1024px\" \/>\t\t\t\t\t\t\t\t\t\t\t\t\t\t\t<\/div>\n\t\t\t\t<\/div>\n\t\t\t\t\t<\/div>\n\t\t\t\t<\/div>\n\t\t\t\t\t<\/div>\n\t\t\t\t<\/div>\n\t\t<div class=\"elementor-element elementor-element-d82617a e-flex e-con-boxed e-con e-parent\" data-id=\"d82617a\" data-element_type=\"container\">\n\t\t\t\t\t<div class=\"e-con-inner\">\n\t\t\t\t<div class=\"elementor-element elementor-element-a4cfa40 elementor-widget elementor-widget-spacer\" data-id=\"a4cfa40\" data-element_type=\"widget\" data-widget_type=\"spacer.default\">\n\t\t\t\t<div class=\"elementor-widget-container\">\n\t\t\t\t\t\t\t<div class=\"elementor-spacer\">\n\t\t\t<div class=\"elementor-spacer-inner\"><\/div>\n\t\t<\/div>\n\t\t\t\t\t\t<\/div>\n\t\t\t\t<\/div>\n\t\t\t\t\t<\/div>\n\t\t\t\t<\/div>\n\t\t\t\t<\/div>\n\t\t","protected":false},"excerpt":{"rendered":"<p>Les Desserts Fruit\u00e9s du Moulin O&#8217; Fruits Au Moulin O&#8217; Fruits, nous avons imagin\u00e9 une gamme de desserts bio &amp; paysans dont les fruits et plantes proviennent exclusivement de notre exploitation et \u00a0100 % certifi\u00e9s Bio : Salades de petits fruits P\u00e2tisseries aux fruits et\/ ou plantes de l&#8217;exploitation \u00a0 Retrouvez nos desserts fruit\u00e9s essentiellement&hellip;&nbsp;<a href=\"https:\/\/moulinofruits.com\/index.php\/desserts-fruites\/\" class=\"\" rel=\"bookmark\">Read More &raquo;<span class=\"screen-reader-text\">Desserts fruit\u00e9s<\/span><\/a><\/p>\n","protected":false},"author":1,"featured_media":0,"parent":0,"menu_order":0,"comment_status":"closed","ping_status":"closed","template":"page-templates\/template-pagebuilder-full-width.php","meta":{"neve_meta_sidebar":"","neve_meta_container":"","neve_meta_enable_content_width":"","neve_meta_content_width":0,"neve_meta_title_alignment":"","neve_meta_author_avatar":"","neve_post_elements_order":"","neve_meta_disable_header":"","neve_meta_disable_footer":"","neve_meta_disable_title":"","footnotes":""},"class_list":["post-522","page","type-page","status-publish","hentry"],"yoast_head":"<!-- This site is optimized with the Yoast SEO plugin v26.2 - https:\/\/yoast.com\/wordpress\/plugins\/seo\/ -->\n<title>Desserts fruit\u00e9s - Moulin O&#039; Fruits<\/title>\n<meta name=\"robots\" content=\"index, follow, max-snippet:-1, max-image-preview:large, max-video-preview:-1\" \/>\n<link rel=\"canonical\" href=\"https:\/\/moulinofruits.com\/index.php\/desserts-fruites\/\" \/>\n<meta property=\"og:locale\" content=\"en_US\" \/>\n<meta property=\"og:type\" content=\"article\" \/>\n<meta property=\"og:title\" content=\"Desserts fruit\u00e9s - Moulin O&#039; Fruits\" \/>\n<meta property=\"og:description\" content=\"Les Desserts Fruit\u00e9s du Moulin O&#8217; Fruits Au Moulin O&#8217; Fruits, nous avons imagin\u00e9 une gamme de desserts bio &amp; paysans dont les fruits et plantes proviennent exclusivement de notre exploitation et \u00a0100 % certifi\u00e9s Bio : Salades de petits fruits P\u00e2tisseries aux fruits et\/ ou plantes de l&#8217;exploitation \u00a0 Retrouvez nos desserts fruit\u00e9s essentiellement&hellip;&nbsp;Read More &raquo;Desserts fruit\u00e9s\" \/>\n<meta property=\"og:url\" content=\"https:\/\/moulinofruits.com\/index.php\/desserts-fruites\/\" \/>\n<meta property=\"og:site_name\" content=\"Moulin O&#039; Fruits\" \/>\n<meta property=\"article:modified_time\" content=\"2025-10-31T11:15:13+00:00\" \/>\n<meta property=\"og:image\" content=\"https:\/\/moulinofruits.com\/wp-content\/uploads\/2025\/02\/SaladeDeFruitsRouges_Dordogne_MoulinOFruits_4Tiers-1024x768.jpg\" \/>\n<meta name=\"twitter:card\" content=\"summary_large_image\" \/>\n<meta name=\"twitter:label1\" content=\"Est. reading time\" \/>\n\t<meta name=\"twitter:data1\" content=\"2 minutes\" \/>\n<script type=\"application\/ld+json\" class=\"yoast-schema-graph\">{\"@context\":\"https:\/\/schema.org\",\"@graph\":[{\"@type\":\"WebPage\",\"@id\":\"https:\/\/moulinofruits.com\/index.php\/desserts-fruites\/\",\"url\":\"https:\/\/moulinofruits.com\/index.php\/desserts-fruites\/\",\"name\":\"Desserts fruit\u00e9s - Moulin O&#039; Fruits\",\"isPartOf\":{\"@id\":\"https:\/\/moulinofruits.com\/#website\"},\"primaryImageOfPage\":{\"@id\":\"https:\/\/moulinofruits.com\/index.php\/desserts-fruites\/#primaryimage\"},\"image\":{\"@id\":\"https:\/\/moulinofruits.com\/index.php\/desserts-fruites\/#primaryimage\"},\"thumbnailUrl\":\"https:\/\/moulinofruits.com\/wp-content\/uploads\/2025\/02\/SaladeDeFruitsRouges_Dordogne_MoulinOFruits_4Tiers-1024x768.jpg\",\"datePublished\":\"2024-12-26T17:27:41+00:00\",\"dateModified\":\"2025-10-31T11:15:13+00:00\",\"breadcrumb\":{\"@id\":\"https:\/\/moulinofruits.com\/index.php\/desserts-fruites\/#breadcrumb\"},\"inLanguage\":\"en-US\",\"potentialAction\":[{\"@type\":\"ReadAction\",\"target\":[\"https:\/\/moulinofruits.com\/index.php\/desserts-fruites\/\"]}]},{\"@type\":\"ImageObject\",\"inLanguage\":\"en-US\",\"@id\":\"https:\/\/moulinofruits.com\/index.php\/desserts-fruites\/#primaryimage\",\"url\":\"https:\/\/moulinofruits.com\/wp-content\/uploads\/2025\/02\/SaladeDeFruitsRouges_Dordogne_MoulinOFruits_4Tiers-scaled.jpg\",\"contentUrl\":\"https:\/\/moulinofruits.com\/wp-content\/uploads\/2025\/02\/SaladeDeFruitsRouges_Dordogne_MoulinOFruits_4Tiers-scaled.jpg\",\"width\":2560,\"height\":1920},{\"@type\":\"BreadcrumbList\",\"@id\":\"https:\/\/moulinofruits.com\/index.php\/desserts-fruites\/#breadcrumb\",\"itemListElement\":[{\"@type\":\"ListItem\",\"position\":1,\"name\":\"Accueil\",\"item\":\"https:\/\/moulinofruits.com\/\"},{\"@type\":\"ListItem\",\"position\":2,\"name\":\"Desserts fruit\u00e9s\"}]},{\"@type\":\"WebSite\",\"@id\":\"https:\/\/moulinofruits.com\/#website\",\"url\":\"https:\/\/moulinofruits.com\/\",\"name\":\"Moulin O&#039; Fruits\",\"description\":\"Producteur de fruits &amp; Cr\u00e9ateur de saveurs\",\"potentialAction\":[{\"@type\":\"SearchAction\",\"target\":{\"@type\":\"EntryPoint\",\"urlTemplate\":\"https:\/\/moulinofruits.com\/?s={search_term_string}\"},\"query-input\":{\"@type\":\"PropertyValueSpecification\",\"valueRequired\":true,\"valueName\":\"search_term_string\"}}],\"inLanguage\":\"en-US\"}]}<\/script>\n<!-- \/ Yoast SEO plugin. -->","yoast_head_json":{"title":"Desserts fruit\u00e9s - Moulin O&#039; Fruits","robots":{"index":"index","follow":"follow","max-snippet":"max-snippet:-1","max-image-preview":"max-image-preview:large","max-video-preview":"max-video-preview:-1"},"canonical":"https:\/\/moulinofruits.com\/index.php\/desserts-fruites\/","og_locale":"en_US","og_type":"article","og_title":"Desserts fruit\u00e9s - Moulin O&#039; Fruits","og_description":"Les Desserts Fruit\u00e9s du Moulin O&#8217; Fruits Au Moulin O&#8217; Fruits, nous avons imagin\u00e9 une gamme de desserts bio &amp; paysans dont les fruits et plantes proviennent exclusivement de notre exploitation et \u00a0100 % certifi\u00e9s Bio : Salades de petits fruits P\u00e2tisseries aux fruits et\/ ou plantes de l&#8217;exploitation \u00a0 Retrouvez nos desserts fruit\u00e9s essentiellement&hellip;&nbsp;Read More &raquo;Desserts fruit\u00e9s","og_url":"https:\/\/moulinofruits.com\/index.php\/desserts-fruites\/","og_site_name":"Moulin O&#039; Fruits","article_modified_time":"2025-10-31T11:15:13+00:00","og_image":[{"url":"https:\/\/moulinofruits.com\/wp-content\/uploads\/2025\/02\/SaladeDeFruitsRouges_Dordogne_MoulinOFruits_4Tiers-1024x768.jpg","type":"","width":"","height":""}],"twitter_card":"summary_large_image","twitter_misc":{"Est. reading time":"2 minutes"},"schema":{"@context":"https:\/\/schema.org","@graph":[{"@type":"WebPage","@id":"https:\/\/moulinofruits.com\/index.php\/desserts-fruites\/","url":"https:\/\/moulinofruits.com\/index.php\/desserts-fruites\/","name":"Desserts fruit\u00e9s - Moulin O&#039; Fruits","isPartOf":{"@id":"https:\/\/moulinofruits.com\/#website"},"primaryImageOfPage":{"@id":"https:\/\/moulinofruits.com\/index.php\/desserts-fruites\/#primaryimage"},"image":{"@id":"https:\/\/moulinofruits.com\/index.php\/desserts-fruites\/#primaryimage"},"thumbnailUrl":"https:\/\/moulinofruits.com\/wp-content\/uploads\/2025\/02\/SaladeDeFruitsRouges_Dordogne_MoulinOFruits_4Tiers-1024x768.jpg","datePublished":"2024-12-26T17:27:41+00:00","dateModified":"2025-10-31T11:15:13+00:00","breadcrumb":{"@id":"https:\/\/moulinofruits.com\/index.php\/desserts-fruites\/#breadcrumb"},"inLanguage":"en-US","potentialAction":[{"@type":"ReadAction","target":["https:\/\/moulinofruits.com\/index.php\/desserts-fruites\/"]}]},{"@type":"ImageObject","inLanguage":"en-US","@id":"https:\/\/moulinofruits.com\/index.php\/desserts-fruites\/#primaryimage","url":"https:\/\/moulinofruits.com\/wp-content\/uploads\/2025\/02\/SaladeDeFruitsRouges_Dordogne_MoulinOFruits_4Tiers-scaled.jpg","contentUrl":"https:\/\/moulinofruits.com\/wp-content\/uploads\/2025\/02\/SaladeDeFruitsRouges_Dordogne_MoulinOFruits_4Tiers-scaled.jpg","width":2560,"height":1920},{"@type":"BreadcrumbList","@id":"https:\/\/moulinofruits.com\/index.php\/desserts-fruites\/#breadcrumb","itemListElement":[{"@type":"ListItem","position":1,"name":"Accueil","item":"https:\/\/moulinofruits.com\/"},{"@type":"ListItem","position":2,"name":"Desserts fruit\u00e9s"}]},{"@type":"WebSite","@id":"https:\/\/moulinofruits.com\/#website","url":"https:\/\/moulinofruits.com\/","name":"Moulin O&#039; Fruits","description":"Producteur de fruits &amp; Cr\u00e9ateur de saveurs","potentialAction":[{"@type":"SearchAction","target":{"@type":"EntryPoint","urlTemplate":"https:\/\/moulinofruits.com\/?s={search_term_string}"},"query-input":{"@type":"PropertyValueSpecification","valueRequired":true,"valueName":"search_term_string"}}],"inLanguage":"en-US"}]}},"_links":{"self":[{"href":"https:\/\/moulinofruits.com\/index.php\/wp-json\/wp\/v2\/pages\/522","targetHints":{"allow":["GET"]}}],"collection":[{"href":"https:\/\/moulinofruits.com\/index.php\/wp-json\/wp\/v2\/pages"}],"about":[{"href":"https:\/\/moulinofruits.com\/index.php\/wp-json\/wp\/v2\/types\/page"}],"author":[{"embeddable":true,"href":"https:\/\/moulinofruits.com\/index.php\/wp-json\/wp\/v2\/users\/1"}],"replies":[{"embeddable":true,"href":"https:\/\/moulinofruits.com\/index.php\/wp-json\/wp\/v2\/comments?post=522"}],"version-history":[{"count":31,"href":"https:\/\/moulinofruits.com\/index.php\/wp-json\/wp\/v2\/pages\/522\/revisions"}],"predecessor-version":[{"id":1692,"href":"https:\/\/moulinofruits.com\/index.php\/wp-json\/wp\/v2\/pages\/522\/revisions\/1692"}],"wp:attachment":[{"href":"https:\/\/moulinofruits.com\/index.php\/wp-json\/wp\/v2\/media?parent=522"}],"curies":[{"name":"wp","href":"https:\/\/api.w.org\/{rel}","templated":true}]}}