{"id":550,"date":"2024-12-26T18:55:37","date_gmt":"2024-12-26T17:55:37","guid":{"rendered":"https:\/\/moulinofruits.com\/?page_id=550"},"modified":"2025-11-16T23:56:23","modified_gmt":"2025-11-16T22:56:23","slug":"fruits-frais","status":"publish","type":"page","link":"https:\/\/moulinofruits.com\/index.php\/fruits-frais\/","title":{"rendered":"Fruits frais"},"content":{"rendered":"\t\t<div data-elementor-type=\"wp-page\" data-elementor-id=\"550\" class=\"elementor elementor-550\" data-elementor-post-type=\"page\">\n\t\t\t\t<div class=\"elementor-element elementor-element-d3d0a5c e-flex e-con-boxed e-con e-parent\" data-id=\"d3d0a5c\" data-element_type=\"container\">\n\t\t\t\t\t<div class=\"e-con-inner\">\n\t\t\t\t<div class=\"elementor-element elementor-element-08fa3d5 elementor-widget elementor-widget-spacer\" data-id=\"08fa3d5\" data-element_type=\"widget\" data-widget_type=\"spacer.default\">\n\t\t\t\t<div class=\"elementor-widget-container\">\n\t\t\t\t\t\t\t<div class=\"elementor-spacer\">\n\t\t\t<div class=\"elementor-spacer-inner\"><\/div>\n\t\t<\/div>\n\t\t\t\t\t\t<\/div>\n\t\t\t\t<\/div>\n\t\t<div class=\"elementor-element elementor-element-7f42c94 e-flex e-con-boxed e-con e-child\" data-id=\"7f42c94\" data-element_type=\"container\">\n\t\t\t\t\t<div class=\"e-con-inner\">\n\t\t\t\t<div class=\"elementor-element elementor-element-bbca999 elementor-widget elementor-widget-heading\" data-id=\"bbca999\" data-element_type=\"widget\" data-widget_type=\"heading.default\">\n\t\t\t\t<div class=\"elementor-widget-container\">\n\t\t\t\t\t<h2 class=\"elementor-heading-title elementor-size-default\">Les Fruits Frais du Moulin O' Fruits<\/h2>\t\t\t\t<\/div>\n\t\t\t\t<\/div>\n\t\t\t\t\t<\/div>\n\t\t\t\t<\/div>\n\t\t\t\t<div class=\"elementor-element elementor-element-5fa3253 elementor-widget elementor-widget-text-editor\" data-id=\"5fa3253\" data-element_type=\"widget\" data-widget_type=\"text-editor.default\">\n\t\t\t\t<div class=\"elementor-widget-container\">\n\t\t\t\t\t\t\t\t\t<p>Au Moulin O&#8217; Fruits, nous proposons selon les saisons des fruits frais issus exclusivement de notre exploitation 100 % certifi\u00e9s bio :<\/p><p>&gt; <strong>des petits fruits frais en barquette<\/strong> : Fraises, M\u00fbres, Framboises, Cassis, Groseilles, Casseilles, Groseilles maquereau, Tayberries Loganberries (hybrides framboises et m\u00fbres), Baies de mai, Physalis<\/p><p>&gt; <strong>des fruits de notre verger d&#8217;arbres fruitiers (dispo selon les ann\u00e9es)<\/strong> : Feijoas, Mirabelles, Kakis&#8230;<\/p><p>Pour d\u00e9couvrir nos <strong>fruits frais disponibles en ce moment \u00e0 la ferme<\/strong> &gt;&gt;&gt; <strong><a href=\"https:\/\/moulinofruits.com\/index.php\/drive-fermier\/\" target=\"_blank\" rel=\"noopener\">R\u00e9servez via notre Drive Fermier<\/a><\/strong><\/p><p>Retrouvez aussi nos fruits frais <b>sur les march\u00e9s ou chez nos partenaires revendeurs &gt;&gt;&gt; <strong><a href=\"https:\/\/moulinofruits.com\/index.php\/ou-trouver-nos-produits\/\" target=\"_blank\" rel=\"noopener\">O\u00f9 nous trouver ?<\/a><\/strong><\/b><\/p>\t\t\t\t\t\t\t\t<\/div>\n\t\t\t\t<\/div>\n\t\t\t\t<div class=\"elementor-element elementor-element-a1bbc88 elementor-widget elementor-widget-image\" data-id=\"a1bbc88\" data-element_type=\"widget\" data-widget_type=\"image.default\">\n\t\t\t\t<div class=\"elementor-widget-container\">\n\t\t\t\t\t\t\t\t\t\t\t\t\t\t\t<img fetchpriority=\"high\" decoding=\"async\" width=\"768\" height=\"576\" src=\"https:\/\/moulinofruits.com\/wp-content\/uploads\/2024\/05\/Fruits-Rouges_Dordogne_MoulinOFruits_4Tiers-768x576.jpg\" class=\"attachment-medium_large size-medium_large wp-image-179\" alt=\"\" srcset=\"https:\/\/moulinofruits.com\/wp-content\/uploads\/2024\/05\/Fruits-Rouges_Dordogne_MoulinOFruits_4Tiers-768x576.jpg 768w, https:\/\/moulinofruits.com\/wp-content\/uploads\/2024\/05\/Fruits-Rouges_Dordogne_MoulinOFruits_4Tiers-300x225.jpg 300w, https:\/\/moulinofruits.com\/wp-content\/uploads\/2024\/05\/Fruits-Rouges_Dordogne_MoulinOFruits_4Tiers-1024x768.jpg 1024w, https:\/\/moulinofruits.com\/wp-content\/uploads\/2024\/05\/Fruits-Rouges_Dordogne_MoulinOFruits_4Tiers-1536x1152.jpg 1536w, https:\/\/moulinofruits.com\/wp-content\/uploads\/2024\/05\/Fruits-Rouges_Dordogne_MoulinOFruits_4Tiers-2048x1536.jpg 2048w\" sizes=\"(max-width: 768px) 100vw, 768px\" \/>\t\t\t\t\t\t\t\t\t\t\t\t\t\t\t<\/div>\n\t\t\t\t<\/div>\n\t\t\t\t\t<\/div>\n\t\t\t\t<\/div>\n\t\t<div class=\"elementor-element elementor-element-0f85802 e-flex e-con-boxed e-con e-parent\" data-id=\"0f85802\" data-element_type=\"container\">\n\t\t\t\t\t<div class=\"e-con-inner\">\n\t\t\t\t<div class=\"elementor-element elementor-element-09577a6 elementor-widget elementor-widget-spacer\" data-id=\"09577a6\" data-element_type=\"widget\" data-widget_type=\"spacer.default\">\n\t\t\t\t<div class=\"elementor-widget-container\">\n\t\t\t\t\t\t\t<div class=\"elementor-spacer\">\n\t\t\t<div class=\"elementor-spacer-inner\"><\/div>\n\t\t<\/div>\n\t\t\t\t\t\t<\/div>\n\t\t\t\t<\/div>\n\t\t\t\t\t<\/div>\n\t\t\t\t<\/div>\n\t\t\t\t<\/div>\n\t\t","protected":false},"excerpt":{"rendered":"<p>Les Fruits Frais du Moulin O&#8217; Fruits Au Moulin O&#8217; Fruits, nous proposons selon les saisons des fruits frais issus exclusivement de notre exploitation 100 % certifi\u00e9s bio : &gt; des petits fruits frais en barquette : Fraises, M\u00fbres, Framboises, Cassis, Groseilles, Casseilles, Groseilles maquereau, Tayberries Loganberries (hybrides framboises et m\u00fbres), Baies de mai, Physalis&hellip;&nbsp;<a href=\"https:\/\/moulinofruits.com\/index.php\/fruits-frais\/\" class=\"\" rel=\"bookmark\">Read More &raquo;<span class=\"screen-reader-text\">Fruits frais<\/span><\/a><\/p>\n","protected":false},"author":1,"featured_media":0,"parent":0,"menu_order":0,"comment_status":"closed","ping_status":"closed","template":"page-templates\/template-pagebuilder-full-width.php","meta":{"neve_meta_sidebar":"","neve_meta_container":"","neve_meta_enable_content_width":"","neve_meta_content_width":0,"neve_meta_title_alignment":"","neve_meta_author_avatar":"","neve_post_elements_order":"","neve_meta_disable_header":"","neve_meta_disable_footer":"","neve_meta_disable_title":"","footnotes":""},"class_list":["post-550","page","type-page","status-publish","hentry"],"yoast_head":"<!-- This site is optimized with the Yoast SEO plugin v26.2 - https:\/\/yoast.com\/wordpress\/plugins\/seo\/ -->\n<title>Fruits frais - Moulin O&#039; Fruits<\/title>\n<meta name=\"robots\" content=\"index, follow, max-snippet:-1, max-image-preview:large, max-video-preview:-1\" \/>\n<link rel=\"canonical\" href=\"https:\/\/moulinofruits.com\/index.php\/fruits-frais\/\" \/>\n<meta property=\"og:locale\" content=\"en_US\" \/>\n<meta property=\"og:type\" content=\"article\" \/>\n<meta property=\"og:title\" content=\"Fruits frais - Moulin O&#039; Fruits\" \/>\n<meta property=\"og:description\" content=\"Les Fruits Frais du Moulin O&#8217; Fruits Au Moulin O&#8217; Fruits, nous proposons selon les saisons des fruits frais issus exclusivement de notre exploitation 100 % certifi\u00e9s bio : &gt; des petits fruits frais en barquette : Fraises, M\u00fbres, Framboises, Cassis, Groseilles, Casseilles, Groseilles maquereau, Tayberries Loganberries (hybrides framboises et m\u00fbres), Baies de mai, Physalis&hellip;&nbsp;Read More &raquo;Fruits frais\" \/>\n<meta property=\"og:url\" content=\"https:\/\/moulinofruits.com\/index.php\/fruits-frais\/\" \/>\n<meta property=\"og:site_name\" content=\"Moulin O&#039; Fruits\" \/>\n<meta property=\"article:modified_time\" content=\"2025-11-16T22:56:23+00:00\" \/>\n<meta property=\"og:image\" content=\"https:\/\/moulinofruits.com\/wp-content\/uploads\/2024\/05\/Fruits-Rouges_Dordogne_MoulinOFruits_4Tiers-scaled.jpg\" \/>\n\t<meta property=\"og:image:width\" content=\"2560\" \/>\n\t<meta property=\"og:image:height\" content=\"1920\" \/>\n\t<meta property=\"og:image:type\" content=\"image\/jpeg\" \/>\n<meta name=\"twitter:card\" content=\"summary_large_image\" \/>\n<meta name=\"twitter:label1\" content=\"Est. reading time\" \/>\n\t<meta name=\"twitter:data1\" content=\"1 minute\" \/>\n<script type=\"application\/ld+json\" class=\"yoast-schema-graph\">{\"@context\":\"https:\/\/schema.org\",\"@graph\":[{\"@type\":\"WebPage\",\"@id\":\"https:\/\/moulinofruits.com\/index.php\/fruits-frais\/\",\"url\":\"https:\/\/moulinofruits.com\/index.php\/fruits-frais\/\",\"name\":\"Fruits frais - Moulin O&#039; Fruits\",\"isPartOf\":{\"@id\":\"https:\/\/moulinofruits.com\/#website\"},\"primaryImageOfPage\":{\"@id\":\"https:\/\/moulinofruits.com\/index.php\/fruits-frais\/#primaryimage\"},\"image\":{\"@id\":\"https:\/\/moulinofruits.com\/index.php\/fruits-frais\/#primaryimage\"},\"thumbnailUrl\":\"https:\/\/moulinofruits.com\/wp-content\/uploads\/2024\/05\/Fruits-Rouges_Dordogne_MoulinOFruits_4Tiers-768x576.jpg\",\"datePublished\":\"2024-12-26T17:55:37+00:00\",\"dateModified\":\"2025-11-16T22:56:23+00:00\",\"breadcrumb\":{\"@id\":\"https:\/\/moulinofruits.com\/index.php\/fruits-frais\/#breadcrumb\"},\"inLanguage\":\"en-US\",\"potentialAction\":[{\"@type\":\"ReadAction\",\"target\":[\"https:\/\/moulinofruits.com\/index.php\/fruits-frais\/\"]}]},{\"@type\":\"ImageObject\",\"inLanguage\":\"en-US\",\"@id\":\"https:\/\/moulinofruits.com\/index.php\/fruits-frais\/#primaryimage\",\"url\":\"https:\/\/moulinofruits.com\/wp-content\/uploads\/2024\/05\/Fruits-Rouges_Dordogne_MoulinOFruits_4Tiers-scaled.jpg\",\"contentUrl\":\"https:\/\/moulinofruits.com\/wp-content\/uploads\/2024\/05\/Fruits-Rouges_Dordogne_MoulinOFruits_4Tiers-scaled.jpg\",\"width\":2560,\"height\":1920},{\"@type\":\"BreadcrumbList\",\"@id\":\"https:\/\/moulinofruits.com\/index.php\/fruits-frais\/#breadcrumb\",\"itemListElement\":[{\"@type\":\"ListItem\",\"position\":1,\"name\":\"Accueil\",\"item\":\"https:\/\/moulinofruits.com\/\"},{\"@type\":\"ListItem\",\"position\":2,\"name\":\"Fruits frais\"}]},{\"@type\":\"WebSite\",\"@id\":\"https:\/\/moulinofruits.com\/#website\",\"url\":\"https:\/\/moulinofruits.com\/\",\"name\":\"Moulin O&#039; Fruits\",\"description\":\"Producteur de fruits &amp; Cr\u00e9ateur de saveurs\",\"potentialAction\":[{\"@type\":\"SearchAction\",\"target\":{\"@type\":\"EntryPoint\",\"urlTemplate\":\"https:\/\/moulinofruits.com\/?s={search_term_string}\"},\"query-input\":{\"@type\":\"PropertyValueSpecification\",\"valueRequired\":true,\"valueName\":\"search_term_string\"}}],\"inLanguage\":\"en-US\"}]}<\/script>\n<!-- \/ Yoast SEO plugin. -->","yoast_head_json":{"title":"Fruits frais - Moulin O&#039; Fruits","robots":{"index":"index","follow":"follow","max-snippet":"max-snippet:-1","max-image-preview":"max-image-preview:large","max-video-preview":"max-video-preview:-1"},"canonical":"https:\/\/moulinofruits.com\/index.php\/fruits-frais\/","og_locale":"en_US","og_type":"article","og_title":"Fruits frais - Moulin O&#039; Fruits","og_description":"Les Fruits Frais du Moulin O&#8217; Fruits Au Moulin O&#8217; Fruits, nous proposons selon les saisons des fruits frais issus exclusivement de notre exploitation 100 % certifi\u00e9s bio : &gt; des petits fruits frais en barquette : Fraises, M\u00fbres, Framboises, Cassis, Groseilles, Casseilles, Groseilles maquereau, Tayberries Loganberries (hybrides framboises et m\u00fbres), Baies de mai, Physalis&hellip;&nbsp;Read More &raquo;Fruits frais","og_url":"https:\/\/moulinofruits.com\/index.php\/fruits-frais\/","og_site_name":"Moulin O&#039; Fruits","article_modified_time":"2025-11-16T22:56:23+00:00","og_image":[{"width":2560,"height":1920,"url":"https:\/\/moulinofruits.com\/wp-content\/uploads\/2024\/05\/Fruits-Rouges_Dordogne_MoulinOFruits_4Tiers-scaled.jpg","type":"image\/jpeg"}],"twitter_card":"summary_large_image","twitter_misc":{"Est. reading time":"1 minute"},"schema":{"@context":"https:\/\/schema.org","@graph":[{"@type":"WebPage","@id":"https:\/\/moulinofruits.com\/index.php\/fruits-frais\/","url":"https:\/\/moulinofruits.com\/index.php\/fruits-frais\/","name":"Fruits frais - Moulin O&#039; Fruits","isPartOf":{"@id":"https:\/\/moulinofruits.com\/#website"},"primaryImageOfPage":{"@id":"https:\/\/moulinofruits.com\/index.php\/fruits-frais\/#primaryimage"},"image":{"@id":"https:\/\/moulinofruits.com\/index.php\/fruits-frais\/#primaryimage"},"thumbnailUrl":"https:\/\/moulinofruits.com\/wp-content\/uploads\/2024\/05\/Fruits-Rouges_Dordogne_MoulinOFruits_4Tiers-768x576.jpg","datePublished":"2024-12-26T17:55:37+00:00","dateModified":"2025-11-16T22:56:23+00:00","breadcrumb":{"@id":"https:\/\/moulinofruits.com\/index.php\/fruits-frais\/#breadcrumb"},"inLanguage":"en-US","potentialAction":[{"@type":"ReadAction","target":["https:\/\/moulinofruits.com\/index.php\/fruits-frais\/"]}]},{"@type":"ImageObject","inLanguage":"en-US","@id":"https:\/\/moulinofruits.com\/index.php\/fruits-frais\/#primaryimage","url":"https:\/\/moulinofruits.com\/wp-content\/uploads\/2024\/05\/Fruits-Rouges_Dordogne_MoulinOFruits_4Tiers-scaled.jpg","contentUrl":"https:\/\/moulinofruits.com\/wp-content\/uploads\/2024\/05\/Fruits-Rouges_Dordogne_MoulinOFruits_4Tiers-scaled.jpg","width":2560,"height":1920},{"@type":"BreadcrumbList","@id":"https:\/\/moulinofruits.com\/index.php\/fruits-frais\/#breadcrumb","itemListElement":[{"@type":"ListItem","position":1,"name":"Accueil","item":"https:\/\/moulinofruits.com\/"},{"@type":"ListItem","position":2,"name":"Fruits frais"}]},{"@type":"WebSite","@id":"https:\/\/moulinofruits.com\/#website","url":"https:\/\/moulinofruits.com\/","name":"Moulin O&#039; Fruits","description":"Producteur de fruits &amp; Cr\u00e9ateur de saveurs","potentialAction":[{"@type":"SearchAction","target":{"@type":"EntryPoint","urlTemplate":"https:\/\/moulinofruits.com\/?s={search_term_string}"},"query-input":{"@type":"PropertyValueSpecification","valueRequired":true,"valueName":"search_term_string"}}],"inLanguage":"en-US"}]}},"_links":{"self":[{"href":"https:\/\/moulinofruits.com\/index.php\/wp-json\/wp\/v2\/pages\/550","targetHints":{"allow":["GET"]}}],"collection":[{"href":"https:\/\/moulinofruits.com\/index.php\/wp-json\/wp\/v2\/pages"}],"about":[{"href":"https:\/\/moulinofruits.com\/index.php\/wp-json\/wp\/v2\/types\/page"}],"author":[{"embeddable":true,"href":"https:\/\/moulinofruits.com\/index.php\/wp-json\/wp\/v2\/users\/1"}],"replies":[{"embeddable":true,"href":"https:\/\/moulinofruits.com\/index.php\/wp-json\/wp\/v2\/comments?post=550"}],"version-history":[{"count":52,"href":"https:\/\/moulinofruits.com\/index.php\/wp-json\/wp\/v2\/pages\/550\/revisions"}],"predecessor-version":[{"id":1826,"href":"https:\/\/moulinofruits.com\/index.php\/wp-json\/wp\/v2\/pages\/550\/revisions\/1826"}],"wp:attachment":[{"href":"https:\/\/moulinofruits.com\/index.php\/wp-json\/wp\/v2\/media?parent=550"}],"curies":[{"name":"wp","href":"https:\/\/api.w.org\/{rel}","templated":true}]}}