{"id":66,"date":"2024-05-14T14:29:51","date_gmt":"2024-05-14T12:29:51","guid":{"rendered":"https:\/\/moulinofruits.com\/?page_id=66"},"modified":"2025-03-24T12:30:05","modified_gmt":"2025-03-24T11:30:05","slug":"partenariat-et-collaboration","status":"publish","type":"page","link":"https:\/\/moulinofruits.com\/index.php\/partenariat-et-collaboration\/","title":{"rendered":"Partenariat et Collaboration"},"content":{"rendered":"\t\t<div data-elementor-type=\"wp-page\" data-elementor-id=\"66\" class=\"elementor elementor-66\" data-elementor-post-type=\"page\">\n\t\t\t\t<div class=\"elementor-element elementor-element-7ccf327 e-flex e-con-boxed e-con e-parent\" data-id=\"7ccf327\" data-element_type=\"container\">\n\t\t\t\t\t<div class=\"e-con-inner\">\n\t\t\t\t<div class=\"elementor-element elementor-element-edb6ba4 elementor-widget elementor-widget-spacer\" data-id=\"edb6ba4\" data-element_type=\"widget\" data-widget_type=\"spacer.default\">\n\t\t\t\t<div class=\"elementor-widget-container\">\n\t\t\t\t\t\t\t<div class=\"elementor-spacer\">\n\t\t\t<div class=\"elementor-spacer-inner\"><\/div>\n\t\t<\/div>\n\t\t\t\t\t\t<\/div>\n\t\t\t\t<\/div>\n\t\t<div class=\"elementor-element elementor-element-8285d22 e-flex e-con-boxed e-con e-child\" data-id=\"8285d22\" data-element_type=\"container\">\n\t\t\t\t\t<div class=\"e-con-inner\">\n\t\t\t\t<div class=\"elementor-element elementor-element-32aabc1 elementor-widget elementor-widget-heading\" data-id=\"32aabc1\" data-element_type=\"widget\" data-widget_type=\"heading.default\">\n\t\t\t\t<div class=\"elementor-widget-container\">\n\t\t\t\t\t<h2 class=\"elementor-heading-title elementor-size-default\">Partenariat &amp; Collaboration<\/h2>\t\t\t\t<\/div>\n\t\t\t\t<\/div>\n\t\t\t\t\t<\/div>\n\t\t\t\t<\/div>\n\t\t\t\t<div class=\"elementor-element elementor-element-38086d1 elementor-widget elementor-widget-text-editor\" data-id=\"38086d1\" data-element_type=\"widget\" data-widget_type=\"text-editor.default\">\n\t\t\t\t<div class=\"elementor-widget-container\">\n\t\t\t\t\t\t\t\t\t<p>Nous sommes toujours \u00e0 l&#8217;\u00e9coute de nos clients et partenaires pour cr\u00e9er des exp\u00e9riences sur mesure.&nbsp;<\/p>\n<p>Que vous soyez un restaurant \u00e0 la recherche de saveurs uniques ou une \u00e9picerie soucieuse d&#8217;offrir le meilleur \u00e0 ses clients ou tout autre partenaire, l&#8217;\u00e9quipe du Moulin O&#8217; Fruits est \u00e0 votre disposition.<\/p>\n<p>C<span style=\"color: var( --e-global-color-text ); background-color: var(--nv-site-bg); letter-spacing: var(--bodyletterspacing); text-transform: var(--bodytexttransform);\">ontactez-nous d\u00e8s aujourd&#8217;hui pour en savoir plus sur nos produits et nos possibilit\u00e9s de collaboration.<\/span><\/p>\t\t\t\t\t\t\t\t<\/div>\n\t\t\t\t<\/div>\n\t\t\t\t\t<\/div>\n\t\t\t\t<\/div>\n\t\t<div class=\"elementor-element elementor-element-3009f56 e-flex e-con-boxed e-con e-parent\" data-id=\"3009f56\" data-element_type=\"container\">\n\t\t\t\t\t<div class=\"e-con-inner\">\n\t\t\t\t<div class=\"elementor-element elementor-element-f18739f elementor-align-right elementor-widget elementor-widget-button\" data-id=\"f18739f\" data-element_type=\"widget\" data-widget_type=\"button.default\">\n\t\t\t\t<div class=\"elementor-widget-container\">\n\t\t\t\t\t\t\t\t\t<div class=\"elementor-button-wrapper\">\n\t\t\t\t\t<a class=\"elementor-button elementor-button-link elementor-size-sm\" href=\"https:\/\/moulinofruits.com\/index.php\/contact-acces\/\" target=\"_blank\">\n\t\t\t\t\t\t<span class=\"elementor-button-content-wrapper\">\n\t\t\t\t\t\t\t\t\t<span class=\"elementor-button-text\">Comment nous contacter ?<\/span>\n\t\t\t\t\t<\/span>\n\t\t\t\t\t<\/a>\n\t\t\t\t<\/div>\n\t\t\t\t\t\t\t\t<\/div>\n\t\t\t\t<\/div>\n\t\t\t\t\t<\/div>\n\t\t\t\t<\/div>\n\t\t<div class=\"elementor-element elementor-element-3c3f6fe e-flex e-con-boxed e-con e-parent\" data-id=\"3c3f6fe\" data-element_type=\"container\">\n\t\t\t\t\t<div class=\"e-con-inner\">\n\t\t\t\t<div class=\"elementor-element elementor-element-a1d512d elementor-widget elementor-widget-spacer\" data-id=\"a1d512d\" data-element_type=\"widget\" data-widget_type=\"spacer.default\">\n\t\t\t\t<div class=\"elementor-widget-container\">\n\t\t\t\t\t\t\t<div class=\"elementor-spacer\">\n\t\t\t<div class=\"elementor-spacer-inner\"><\/div>\n\t\t<\/div>\n\t\t\t\t\t\t<\/div>\n\t\t\t\t<\/div>\n\t\t\t\t\t<\/div>\n\t\t\t\t<\/div>\n\t\t\t\t<\/div>\n\t\t","protected":false},"excerpt":{"rendered":"<p>Partenariat &amp; Collaboration Nous sommes toujours \u00e0 l&#8217;\u00e9coute de nos clients et partenaires pour cr\u00e9er des exp\u00e9riences sur mesure.&nbsp; Que vous soyez un restaurant \u00e0 la recherche de saveurs uniques ou une \u00e9picerie soucieuse d&#8217;offrir le meilleur \u00e0 ses clients ou tout autre partenaire, l&#8217;\u00e9quipe du Moulin O&#8217; Fruits est \u00e0 votre disposition. Contactez-nous d\u00e8s&hellip;&nbsp;<a href=\"https:\/\/moulinofruits.com\/index.php\/partenariat-et-collaboration\/\" class=\"\" rel=\"bookmark\">Read More &raquo;<span class=\"screen-reader-text\">Partenariat et Collaboration<\/span><\/a><\/p>\n","protected":false},"author":1,"featured_media":0,"parent":0,"menu_order":0,"comment_status":"closed","ping_status":"closed","template":"page-templates\/template-pagebuilder-full-width.php","meta":{"neve_meta_sidebar":"","neve_meta_container":"","neve_meta_enable_content_width":"","neve_meta_content_width":0,"neve_meta_title_alignment":"","neve_meta_author_avatar":"","neve_post_elements_order":"","neve_meta_disable_header":"","neve_meta_disable_footer":"","neve_meta_disable_title":"","footnotes":""},"class_list":["post-66","page","type-page","status-publish","hentry"],"yoast_head":"<!-- This site is optimized with the Yoast SEO plugin v26.2 - https:\/\/yoast.com\/wordpress\/plugins\/seo\/ -->\n<title>Partenariat et Collaboration - Moulin O&#039; Fruits<\/title>\n<meta name=\"robots\" content=\"index, follow, max-snippet:-1, max-image-preview:large, max-video-preview:-1\" \/>\n<link rel=\"canonical\" href=\"https:\/\/moulinofruits.com\/index.php\/partenariat-et-collaboration\/\" \/>\n<meta property=\"og:locale\" content=\"en_US\" \/>\n<meta property=\"og:type\" content=\"article\" \/>\n<meta property=\"og:title\" content=\"Partenariat et Collaboration - Moulin O&#039; Fruits\" \/>\n<meta property=\"og:description\" content=\"Partenariat &amp; Collaboration Nous sommes toujours \u00e0 l&#8217;\u00e9coute de nos clients et partenaires pour cr\u00e9er des exp\u00e9riences sur mesure.&nbsp; Que vous soyez un restaurant \u00e0 la recherche de saveurs uniques ou une \u00e9picerie soucieuse d&#8217;offrir le meilleur \u00e0 ses clients ou tout autre partenaire, l&#8217;\u00e9quipe du Moulin O&#8217; Fruits est \u00e0 votre disposition. Contactez-nous d\u00e8s&hellip;&nbsp;Read More &raquo;Partenariat et Collaboration\" \/>\n<meta property=\"og:url\" content=\"https:\/\/moulinofruits.com\/index.php\/partenariat-et-collaboration\/\" \/>\n<meta property=\"og:site_name\" content=\"Moulin O&#039; Fruits\" \/>\n<meta property=\"article:modified_time\" content=\"2025-03-24T11:30:05+00:00\" \/>\n<meta name=\"twitter:card\" content=\"summary_large_image\" \/>\n<meta name=\"twitter:label1\" content=\"Est. reading time\" \/>\n\t<meta name=\"twitter:data1\" content=\"1 minute\" \/>\n<script type=\"application\/ld+json\" class=\"yoast-schema-graph\">{\"@context\":\"https:\/\/schema.org\",\"@graph\":[{\"@type\":\"WebPage\",\"@id\":\"https:\/\/moulinofruits.com\/index.php\/partenariat-et-collaboration\/\",\"url\":\"https:\/\/moulinofruits.com\/index.php\/partenariat-et-collaboration\/\",\"name\":\"Partenariat et Collaboration - Moulin O&#039; Fruits\",\"isPartOf\":{\"@id\":\"https:\/\/moulinofruits.com\/#website\"},\"datePublished\":\"2024-05-14T12:29:51+00:00\",\"dateModified\":\"2025-03-24T11:30:05+00:00\",\"breadcrumb\":{\"@id\":\"https:\/\/moulinofruits.com\/index.php\/partenariat-et-collaboration\/#breadcrumb\"},\"inLanguage\":\"en-US\",\"potentialAction\":[{\"@type\":\"ReadAction\",\"target\":[\"https:\/\/moulinofruits.com\/index.php\/partenariat-et-collaboration\/\"]}]},{\"@type\":\"BreadcrumbList\",\"@id\":\"https:\/\/moulinofruits.com\/index.php\/partenariat-et-collaboration\/#breadcrumb\",\"itemListElement\":[{\"@type\":\"ListItem\",\"position\":1,\"name\":\"Accueil\",\"item\":\"https:\/\/moulinofruits.com\/\"},{\"@type\":\"ListItem\",\"position\":2,\"name\":\"Partenariat et Collaboration\"}]},{\"@type\":\"WebSite\",\"@id\":\"https:\/\/moulinofruits.com\/#website\",\"url\":\"https:\/\/moulinofruits.com\/\",\"name\":\"Moulin O&#039; Fruits\",\"description\":\"Producteur de fruits &amp; Cr\u00e9ateur de saveurs\",\"potentialAction\":[{\"@type\":\"SearchAction\",\"target\":{\"@type\":\"EntryPoint\",\"urlTemplate\":\"https:\/\/moulinofruits.com\/?s={search_term_string}\"},\"query-input\":{\"@type\":\"PropertyValueSpecification\",\"valueRequired\":true,\"valueName\":\"search_term_string\"}}],\"inLanguage\":\"en-US\"}]}<\/script>\n<!-- \/ Yoast SEO plugin. -->","yoast_head_json":{"title":"Partenariat et Collaboration - Moulin O&#039; Fruits","robots":{"index":"index","follow":"follow","max-snippet":"max-snippet:-1","max-image-preview":"max-image-preview:large","max-video-preview":"max-video-preview:-1"},"canonical":"https:\/\/moulinofruits.com\/index.php\/partenariat-et-collaboration\/","og_locale":"en_US","og_type":"article","og_title":"Partenariat et Collaboration - Moulin O&#039; Fruits","og_description":"Partenariat &amp; Collaboration Nous sommes toujours \u00e0 l&#8217;\u00e9coute de nos clients et partenaires pour cr\u00e9er des exp\u00e9riences sur mesure.&nbsp; Que vous soyez un restaurant \u00e0 la recherche de saveurs uniques ou une \u00e9picerie soucieuse d&#8217;offrir le meilleur \u00e0 ses clients ou tout autre partenaire, l&#8217;\u00e9quipe du Moulin O&#8217; Fruits est \u00e0 votre disposition. Contactez-nous d\u00e8s&hellip;&nbsp;Read More &raquo;Partenariat et Collaboration","og_url":"https:\/\/moulinofruits.com\/index.php\/partenariat-et-collaboration\/","og_site_name":"Moulin O&#039; Fruits","article_modified_time":"2025-03-24T11:30:05+00:00","twitter_card":"summary_large_image","twitter_misc":{"Est. reading time":"1 minute"},"schema":{"@context":"https:\/\/schema.org","@graph":[{"@type":"WebPage","@id":"https:\/\/moulinofruits.com\/index.php\/partenariat-et-collaboration\/","url":"https:\/\/moulinofruits.com\/index.php\/partenariat-et-collaboration\/","name":"Partenariat et Collaboration - Moulin O&#039; Fruits","isPartOf":{"@id":"https:\/\/moulinofruits.com\/#website"},"datePublished":"2024-05-14T12:29:51+00:00","dateModified":"2025-03-24T11:30:05+00:00","breadcrumb":{"@id":"https:\/\/moulinofruits.com\/index.php\/partenariat-et-collaboration\/#breadcrumb"},"inLanguage":"en-US","potentialAction":[{"@type":"ReadAction","target":["https:\/\/moulinofruits.com\/index.php\/partenariat-et-collaboration\/"]}]},{"@type":"BreadcrumbList","@id":"https:\/\/moulinofruits.com\/index.php\/partenariat-et-collaboration\/#breadcrumb","itemListElement":[{"@type":"ListItem","position":1,"name":"Accueil","item":"https:\/\/moulinofruits.com\/"},{"@type":"ListItem","position":2,"name":"Partenariat et Collaboration"}]},{"@type":"WebSite","@id":"https:\/\/moulinofruits.com\/#website","url":"https:\/\/moulinofruits.com\/","name":"Moulin O&#039; Fruits","description":"Producteur de fruits &amp; Cr\u00e9ateur de saveurs","potentialAction":[{"@type":"SearchAction","target":{"@type":"EntryPoint","urlTemplate":"https:\/\/moulinofruits.com\/?s={search_term_string}"},"query-input":{"@type":"PropertyValueSpecification","valueRequired":true,"valueName":"search_term_string"}}],"inLanguage":"en-US"}]}},"_links":{"self":[{"href":"https:\/\/moulinofruits.com\/index.php\/wp-json\/wp\/v2\/pages\/66","targetHints":{"allow":["GET"]}}],"collection":[{"href":"https:\/\/moulinofruits.com\/index.php\/wp-json\/wp\/v2\/pages"}],"about":[{"href":"https:\/\/moulinofruits.com\/index.php\/wp-json\/wp\/v2\/types\/page"}],"author":[{"embeddable":true,"href":"https:\/\/moulinofruits.com\/index.php\/wp-json\/wp\/v2\/users\/1"}],"replies":[{"embeddable":true,"href":"https:\/\/moulinofruits.com\/index.php\/wp-json\/wp\/v2\/comments?post=66"}],"version-history":[{"count":18,"href":"https:\/\/moulinofruits.com\/index.php\/wp-json\/wp\/v2\/pages\/66\/revisions"}],"predecessor-version":[{"id":1090,"href":"https:\/\/moulinofruits.com\/index.php\/wp-json\/wp\/v2\/pages\/66\/revisions\/1090"}],"wp:attachment":[{"href":"https:\/\/moulinofruits.com\/index.php\/wp-json\/wp\/v2\/media?parent=66"}],"curies":[{"name":"wp","href":"https:\/\/api.w.org\/{rel}","templated":true}]}}